{"id":289,"date":"2020-01-24T16:04:35","date_gmt":"2020-01-24T21:04:35","guid":{"rendered":"https:\/\/www.sandyou.ca\/qui-sommes-nous\/"},"modified":"2023-07-10T09:12:33","modified_gmt":"2023-07-10T14:12:33","slug":"qui-sommes-nous","status":"publish","type":"page","link":"https:\/\/www.sandyou.ca\/fr\/syou\/qui-sommes-nous\/","title":{"rendered":"Qui sommes-nous?"},"content":{"rendered":"\t\t<div data-elementor-type=\"wp-page\" data-elementor-id=\"289\" class=\"elementor elementor-289 elementor-77\" data-elementor-post-type=\"page\">\n\t\t\t\t\t\t<section class=\"elementor-section elementor-top-section elementor-element elementor-element-7912e22 elementor-section-boxed elementor-section-height-default elementor-section-height-default\" data-id=\"7912e22\" data-element_type=\"section\" data-e-type=\"section\" data-settings=\"{&quot;background_background&quot;:&quot;classic&quot;}\">\n\t\t\t\t\t\t<div class=\"elementor-container elementor-column-gap-default\">\n\t\t\t\t\t<div class=\"elementor-column elementor-col-100 elementor-top-column elementor-element elementor-element-0a47667\" data-id=\"0a47667\" data-element_type=\"column\" data-e-type=\"column\">\n\t\t\t<div class=\"elementor-widget-wrap elementor-element-populated\">\n\t\t\t\t\t\t<div class=\"elementor-element elementor-element-ed89153 elementor-widget elementor-widget-spacer\" data-id=\"ed89153\" data-element_type=\"widget\" data-e-type=\"widget\" data-widget_type=\"spacer.default\">\n\t\t\t\t<div class=\"elementor-widget-container\">\n\t\t\t\t\t\t\t<div class=\"elementor-spacer\">\n\t\t\t<div class=\"elementor-spacer-inner\"><\/div>\n\t\t<\/div>\n\t\t\t\t\t\t<\/div>\n\t\t\t\t<\/div>\n\t\t\t\t<section class=\"elementor-section elementor-inner-section elementor-element elementor-element-2a93c99 elementor-section-boxed elementor-section-height-default elementor-section-height-default\" data-id=\"2a93c99\" data-element_type=\"section\" data-e-type=\"section\">\n\t\t\t\t\t\t<div class=\"elementor-container elementor-column-gap-default\">\n\t\t\t\t\t<div class=\"elementor-column elementor-col-50 elementor-inner-column elementor-element elementor-element-d036335\" data-id=\"d036335\" data-element_type=\"column\" data-e-type=\"column\" data-settings=\"{&quot;background_background&quot;:&quot;classic&quot;}\">\n\t\t\t<div class=\"elementor-widget-wrap elementor-element-populated\">\n\t\t\t\t\t\t<div class=\"elementor-element elementor-element-c86e324 elementor-widget elementor-widget-heading\" data-id=\"c86e324\" data-element_type=\"widget\" data-e-type=\"widget\" data-widget_type=\"heading.default\">\n\t\t\t\t<div class=\"elementor-widget-container\">\n\t\t\t\t\t<h1 class=\"elementor-heading-title elementor-size-default\">Qui sommes-nous?<\/h1>\t\t\t\t<\/div>\n\t\t\t\t<\/div>\n\t\t\t\t<div class=\"elementor-element elementor-element-5319759 elementor-widget elementor-widget-text-editor\" data-id=\"5319759\" data-element_type=\"widget\" data-e-type=\"widget\" data-widget_type=\"text-editor.default\">\n\t\t\t\t<div class=\"elementor-widget-container\">\n\t\t\t\t\t\t\t\t\t<p>Cabinet de recrutement de dimension nationale et internationale, S&amp;you dispose des moyens techniques et humains adapt\u00e9s pour r\u00e9pondre aux exigences du march\u00e9. Chez S&amp;you, nous avons fait le choix d\u2019orienter notre savoir-faire et de d\u00e9velopper notre expertise sur la base d\u2019une conviction : la relation de confiance que nous cr\u00e9ons avec nos candidats, nos clients et nos collaborateurs repr\u00e9sente le facteur cl\u00e9 de la performance.<\/p>\n\t\t\t\t\t\t\t\t<\/div>\n\t\t\t\t<\/div>\n\t\t\t\t\t<\/div>\n\t\t<\/div>\n\t\t\t\t<div class=\"elementor-column elementor-col-50 elementor-inner-column elementor-element elementor-element-357d6fe elementor-hidden-phone\" data-id=\"357d6fe\" data-element_type=\"column\" data-e-type=\"column\" data-settings=\"{&quot;background_background&quot;:&quot;classic&quot;}\">\n\t\t\t<div class=\"elementor-widget-wrap elementor-element-populated\">\n\t\t\t\t\t\t<div class=\"elementor-element elementor-element-48697ca elementor-widget elementor-widget-spacer\" data-id=\"48697ca\" data-element_type=\"widget\" data-e-type=\"widget\" data-widget_type=\"spacer.default\">\n\t\t\t\t<div class=\"elementor-widget-container\">\n\t\t\t\t\t\t\t<div class=\"elementor-spacer\">\n\t\t\t<div class=\"elementor-spacer-inner\"><\/div>\n\t\t<\/div>\n\t\t\t\t\t\t<\/div>\n\t\t\t\t<\/div>\n\t\t\t\t\t<\/div>\n\t\t<\/div>\n\t\t\t\t\t<\/div>\n\t\t<\/section>\n\t\t\t\t\t<\/div>\n\t\t<\/div>\n\t\t\t\t\t<\/div>\n\t\t<\/section>\n\t\t\t\t<section class=\"elementor-section elementor-top-section elementor-element elementor-element-a2941e9 elementor-section-boxed elementor-section-height-default elementor-section-height-default\" data-id=\"a2941e9\" data-element_type=\"section\" data-e-type=\"section\" data-settings=\"{&quot;background_background&quot;:&quot;classic&quot;}\">\n\t\t\t\t\t\t<div class=\"elementor-container elementor-column-gap-default\">\n\t\t\t\t\t<div class=\"elementor-column elementor-col-100 elementor-top-column elementor-element elementor-element-e5294eb\" data-id=\"e5294eb\" data-element_type=\"column\" data-e-type=\"column\">\n\t\t\t<div class=\"elementor-widget-wrap elementor-element-populated\">\n\t\t\t\t\t\t<section class=\"elementor-section elementor-inner-section elementor-element elementor-element-c875f44 elementor-section-boxed elementor-section-height-default elementor-section-height-default\" data-id=\"c875f44\" data-element_type=\"section\" data-e-type=\"section\">\n\t\t\t\t\t\t<div class=\"elementor-container elementor-column-gap-default\">\n\t\t\t\t\t<div class=\"elementor-column elementor-col-100 elementor-inner-column elementor-element elementor-element-95713f0 top-red-border\" data-id=\"95713f0\" data-element_type=\"column\" data-e-type=\"column\" data-settings=\"{&quot;background_background&quot;:&quot;classic&quot;}\">\n\t\t\t<div class=\"elementor-widget-wrap elementor-element-populated\">\n\t\t\t\t\t\t<div class=\"elementor-element elementor-element-0c2d7e7 elementor-widget elementor-widget-heading\" data-id=\"0c2d7e7\" data-element_type=\"widget\" data-e-type=\"widget\" data-widget_type=\"heading.default\">\n\t\t\t\t<div class=\"elementor-widget-container\">\n\t\t\t\t\t<h2 class=\"elementor-heading-title elementor-size-default\">Le parler \u00ab vrai \u00bb<\/h2>\t\t\t\t<\/div>\n\t\t\t\t<\/div>\n\t\t\t\t<div class=\"elementor-element elementor-element-25e244f elementor-widget elementor-widget-text-editor\" data-id=\"25e244f\" data-element_type=\"widget\" data-e-type=\"widget\" data-widget_type=\"text-editor.default\">\n\t\t\t\t<div class=\"elementor-widget-container\">\n\t\t\t\t\t\t\t\t\t<p>Au-del\u00e0 des fiches de postes et des CV, Chez S&amp;you, nous prenons le temps d\u2019\u00e9tablir des \u00e9changes approfondis autour de vos projets, de leur contexte et de leur objectif \u00e0 long terme. Oser se dire les choses et prendre le temps de se parler\u2026 vraiment, \u00e7a change tout.<\/p>\n\t\t\t\t\t\t\t\t<\/div>\n\t\t\t\t<\/div>\n\t\t\t\t\t<\/div>\n\t\t<\/div>\n\t\t\t\t\t<\/div>\n\t\t<\/section>\n\t\t\t\t\t<\/div>\n\t\t<\/div>\n\t\t\t\t\t<\/div>\n\t\t<\/section>\n\t\t\t\t<section class=\"elementor-section elementor-top-section elementor-element elementor-element-9ddcfe5 elementor-section-boxed elementor-section-height-default elementor-section-height-default\" data-id=\"9ddcfe5\" data-element_type=\"section\" data-e-type=\"section\" data-settings=\"{&quot;background_background&quot;:&quot;classic&quot;}\">\n\t\t\t\t\t\t<div class=\"elementor-container elementor-column-gap-default\">\n\t\t\t\t\t<div class=\"elementor-column elementor-col-100 elementor-top-column elementor-element elementor-element-6fbcf7c\" data-id=\"6fbcf7c\" data-element_type=\"column\" data-e-type=\"column\">\n\t\t\t<div class=\"elementor-widget-wrap elementor-element-populated\">\n\t\t\t\t\t\t<section class=\"elementor-section elementor-inner-section elementor-element elementor-element-e0bb9d5 top-red-border elementor-section-boxed elementor-section-height-default elementor-section-height-default\" data-id=\"e0bb9d5\" data-element_type=\"section\" data-e-type=\"section\">\n\t\t\t\t\t\t<div class=\"elementor-container elementor-column-gap-default\">\n\t\t\t\t\t<div class=\"elementor-column elementor-col-50 elementor-inner-column elementor-element elementor-element-7312163 elementor-hidden-phone\" data-id=\"7312163\" data-element_type=\"column\" data-e-type=\"column\" data-settings=\"{&quot;background_background&quot;:&quot;classic&quot;}\">\n\t\t\t<div class=\"elementor-widget-wrap elementor-element-populated\">\n\t\t\t\t\t\t<div class=\"elementor-element elementor-element-608bb0c elementor-widget elementor-widget-spacer\" data-id=\"608bb0c\" data-element_type=\"widget\" data-e-type=\"widget\" data-widget_type=\"spacer.default\">\n\t\t\t\t<div class=\"elementor-widget-container\">\n\t\t\t\t\t\t\t<div class=\"elementor-spacer\">\n\t\t\t<div class=\"elementor-spacer-inner\"><\/div>\n\t\t<\/div>\n\t\t\t\t\t\t<\/div>\n\t\t\t\t<\/div>\n\t\t\t\t\t<\/div>\n\t\t<\/div>\n\t\t\t\t<div class=\"elementor-column elementor-col-50 elementor-inner-column elementor-element elementor-element-11d2662\" data-id=\"11d2662\" data-element_type=\"column\" data-e-type=\"column\" data-settings=\"{&quot;background_background&quot;:&quot;classic&quot;}\">\n\t\t\t<div class=\"elementor-widget-wrap elementor-element-populated\">\n\t\t\t\t\t\t<div class=\"elementor-element elementor-element-5f43cdb elementor-widget elementor-widget-heading\" data-id=\"5f43cdb\" data-element_type=\"widget\" data-e-type=\"widget\" data-widget_type=\"heading.default\">\n\t\t\t\t<div class=\"elementor-widget-container\">\n\t\t\t\t\t<h2 class=\"elementor-heading-title elementor-size-default\">La force d'un grand, la proximit\u00e9 en plus<\/h2>\t\t\t\t<\/div>\n\t\t\t\t<\/div>\n\t\t\t\t<div class=\"elementor-element elementor-element-fb629f9 elementor-widget elementor-widget-text-editor\" data-id=\"fb629f9\" data-element_type=\"widget\" data-e-type=\"widget\" data-widget_type=\"text-editor.default\">\n\t\t\t\t<div class=\"elementor-widget-container\">\n\t\t\t\t\t\t\t\t\t<p>S&amp;you b\u00e9n\u00e9ficie du savoir-faire d\u2019un grand groupe reconnu dans l\u2019univers des Ressources Humaines. Nos consultants pr\u00e9sents au Canada b\u00e9n\u00e9ficient ainsi d\u2019une forte expertise RH et des moyens d\u2019une marque internationale pour vous accompagner dans vos projets de recrutement au Canada comme \u00e0 l\u2019\u00e9tranger.<\/p>\n\t\t\t\t\t\t\t\t<\/div>\n\t\t\t\t<\/div>\n\t\t\t\t\t<\/div>\n\t\t<\/div>\n\t\t\t\t\t<\/div>\n\t\t<\/section>\n\t\t\t\t\t<\/div>\n\t\t<\/div>\n\t\t\t\t\t<\/div>\n\t\t<\/section>\n\t\t\t\t<section class=\"elementor-section elementor-top-section elementor-element elementor-element-dcc792e elementor-section-boxed elementor-section-height-default elementor-section-height-default\" data-id=\"dcc792e\" data-element_type=\"section\" data-e-type=\"section\" data-settings=\"{&quot;background_background&quot;:&quot;classic&quot;}\">\n\t\t\t\t\t\t<div class=\"elementor-container elementor-column-gap-default\">\n\t\t\t\t\t<div class=\"elementor-column elementor-col-100 elementor-top-column elementor-element elementor-element-e1ca0f9\" data-id=\"e1ca0f9\" data-element_type=\"column\" data-e-type=\"column\">\n\t\t\t<div class=\"elementor-widget-wrap elementor-element-populated\">\n\t\t\t\t\t\t<section class=\"elementor-section elementor-inner-section elementor-element elementor-element-2cd1b9d elementor-section-boxed elementor-section-height-default elementor-section-height-default\" data-id=\"2cd1b9d\" data-element_type=\"section\" data-e-type=\"section\">\n\t\t\t\t\t\t<div class=\"elementor-container elementor-column-gap-default\">\n\t\t\t\t\t<div class=\"elementor-column elementor-col-100 elementor-inner-column elementor-element elementor-element-29b01d1 top-red-border\" data-id=\"29b01d1\" data-element_type=\"column\" data-e-type=\"column\" data-settings=\"{&quot;background_background&quot;:&quot;classic&quot;}\">\n\t\t\t<div class=\"elementor-widget-wrap elementor-element-populated\">\n\t\t\t\t\t\t<div class=\"elementor-element elementor-element-652ace4 elementor-widget elementor-widget-heading\" data-id=\"652ace4\" data-element_type=\"widget\" data-e-type=\"widget\" data-widget_type=\"heading.default\">\n\t\t\t\t<div class=\"elementor-widget-container\">\n\t\t\t\t\t<h2 class=\"elementor-heading-title elementor-size-default\">Mieux qu'un consultant : un partenaire<\/h2>\t\t\t\t<\/div>\n\t\t\t\t<\/div>\n\t\t\t\t<div class=\"elementor-element elementor-element-e94ba27 elementor-widget elementor-widget-text-editor\" data-id=\"e94ba27\" data-element_type=\"widget\" data-e-type=\"widget\" data-widget_type=\"text-editor.default\">\n\t\t\t\t<div class=\"elementor-widget-container\">\n\t\t\t\t\t\t\t\t\t<p>Expert dans son m\u00e9tier mais aussi dans le v\u00f4tre, votre consultant S&amp;you est un interlocuteur de confiance. Il apprendra \u00e0 vous conna\u00eetre, \u00e0 comprendre vos enjeux et vos objectifs pour vous apporter les r\u00e9ponses que vous attendez\u2026et aussi celles auxquelles vous ne vous attendez pas.<\/p>\n\t\t\t\t\t\t\t\t<\/div>\n\t\t\t\t<\/div>\n\t\t\t\t\t<\/div>\n\t\t<\/div>\n\t\t\t\t\t<\/div>\n\t\t<\/section>\n\t\t\t\t\t<\/div>\n\t\t<\/div>\n\t\t\t\t\t<\/div>\n\t\t<\/section>\n\t\t\t\t<section class=\"elementor-section elementor-top-section elementor-element elementor-element-31da4fa elementor-section-boxed elementor-section-height-default elementor-section-height-default\" data-id=\"31da4fa\" data-element_type=\"section\" data-e-type=\"section\">\n\t\t\t\t\t\t<div class=\"elementor-container elementor-column-gap-default\">\n\t\t\t\t\t<div class=\"elementor-column elementor-col-100 elementor-top-column elementor-element elementor-element-03acab6\" data-id=\"03acab6\" data-element_type=\"column\" data-e-type=\"column\">\n\t\t\t<div class=\"elementor-widget-wrap elementor-element-populated\">\n\t\t\t\t\t\t<div class=\"elementor-element elementor-element-8dc7bb7 elementor-widget elementor-widget-spacer\" data-id=\"8dc7bb7\" data-element_type=\"widget\" data-e-type=\"widget\" data-widget_type=\"spacer.default\">\n\t\t\t\t<div class=\"elementor-widget-container\">\n\t\t\t\t\t\t\t<div class=\"elementor-spacer\">\n\t\t\t<div class=\"elementor-spacer-inner\"><\/div>\n\t\t<\/div>\n\t\t\t\t\t\t<\/div>\n\t\t\t\t<\/div>\n\t\t\t\t\t<\/div>\n\t\t<\/div>\n\t\t\t\t\t<\/div>\n\t\t<\/section>\n\t\t\t\t<\/div>\n\t\t","protected":false},"excerpt":{"rendered":"<p>Qui sommes-nous? Cabinet de recrutement de dimension nationale et internationale, S&amp;you dispose des moyens techniques et humains adapt\u00e9s pour r\u00e9pondre aux exigences du march\u00e9. Chez S&amp;you, nous avons fait le choix d\u2019orienter notre savoir-faire et de d\u00e9velopper notre expertise sur la base d\u2019une conviction : la relation de confiance que nous cr\u00e9ons avec nos candidats, [&hellip;]<\/p>\n","protected":false},"author":1,"featured_media":0,"parent":278,"menu_order":0,"comment_status":"closed","ping_status":"closed","template":"","meta":{"site-sidebar-layout":"no-sidebar","site-content-layout":"page-builder","ast-site-content-layout":"default","site-content-style":"default","site-sidebar-style":"default","ast-global-header-display":"","ast-banner-title-visibility":"","ast-main-header-display":"","ast-hfb-above-header-display":"","ast-hfb-below-header-display":"","ast-hfb-mobile-header-display":"","site-post-title":"disabled","ast-breadcrumbs-content":"","ast-featured-img":"disabled","footer-sml-layout":"","ast-disable-related-posts":"","theme-transparent-header-meta":"default","adv-header-id-meta":"","stick-header-meta":"enabled","header-above-stick-meta":"","header-main-stick-meta":"on","header-below-stick-meta":"","astra-migrate-meta-layouts":"default","ast-page-background-enabled":"default","ast-page-background-meta":{"desktop":{"background-color":"","background-image":"","background-repeat":"repeat","background-position":"center center","background-size":"auto","background-attachment":"scroll","background-type":"","background-media":"","overlay-type":"","overlay-color":"","overlay-opacity":"","overlay-gradient":""},"tablet":{"background-color":"","background-image":"","background-repeat":"repeat","background-position":"center center","background-size":"auto","background-attachment":"scroll","background-type":"","background-media":"","overlay-type":"","overlay-color":"","overlay-opacity":"","overlay-gradient":""},"mobile":{"background-color":"","background-image":"","background-repeat":"repeat","background-position":"center center","background-size":"auto","background-attachment":"scroll","background-type":"","background-media":"","overlay-type":"","overlay-color":"","overlay-opacity":"","overlay-gradient":""}},"ast-content-background-meta":{"desktop":{"background-color":"var(--ast-global-color-5)","background-image":"","background-repeat":"repeat","background-position":"center center","background-size":"auto","background-attachment":"scroll","background-type":"","background-media":"","overlay-type":"","overlay-color":"","overlay-opacity":"","overlay-gradient":""},"tablet":{"background-color":"var(--ast-global-color-5)","background-image":"","background-repeat":"repeat","background-position":"center center","background-size":"auto","background-attachment":"scroll","background-type":"","background-media":"","overlay-type":"","overlay-color":"","overlay-opacity":"","overlay-gradient":""},"mobile":{"background-color":"var(--ast-global-color-5)","background-image":"","background-repeat":"repeat","background-position":"center center","background-size":"auto","background-attachment":"scroll","background-type":"","background-media":"","overlay-type":"","overlay-color":"","overlay-opacity":"","overlay-gradient":""}},"footnotes":""},"class_list":["post-289","page","type-page","status-publish","hentry"],"yoast_head":"<!-- This site is optimized with the Yoast SEO plugin v27.4 - https:\/\/yoast.com\/product\/yoast-seo-wordpress\/ -->\n<title>Qui sommes-nous? - S&amp;you<\/title>\n<meta name=\"robots\" content=\"index, follow, max-snippet:-1, max-image-preview:large, max-video-preview:-1\" \/>\n<link rel=\"canonical\" href=\"https:\/\/www.sandyou.ca\/syou\/about-us\/\" \/>\n<meta property=\"og:locale\" content=\"fr_FR\" \/>\n<meta property=\"og:type\" content=\"article\" \/>\n<meta property=\"og:title\" content=\"Qui sommes-nous? - S&amp;you\" \/>\n<meta property=\"og:description\" content=\"Qui sommes-nous? Cabinet de recrutement de dimension nationale et internationale, S&amp;you dispose des moyens techniques et humains adapt\u00e9s pour r\u00e9pondre aux exigences du march\u00e9. Chez S&amp;you, nous avons fait le choix d\u2019orienter notre savoir-faire et de d\u00e9velopper notre expertise sur la base d\u2019une conviction : la relation de confiance que nous cr\u00e9ons avec nos candidats, [&hellip;]\" \/>\n<meta property=\"og:url\" content=\"https:\/\/www.sandyou.ca\/syou\/about-us\/\" \/>\n<meta property=\"og:site_name\" content=\"S&amp;you\" \/>\n<meta property=\"article:modified_time\" content=\"2023-07-10T14:12:33+00:00\" \/>\n<meta name=\"twitter:card\" content=\"summary_large_image\" \/>\n<meta name=\"twitter:label1\" content=\"Dur\u00e9e de lecture estim\u00e9e\" \/>\n\t<meta name=\"twitter:data1\" content=\"1 minute\" \/>\n<script type=\"application\/ld+json\" class=\"yoast-schema-graph\">{\"@context\":\"https:\\\/\\\/schema.org\",\"@graph\":[{\"@type\":\"WebPage\",\"@id\":\"https:\\\/\\\/www.sandyou.ca\\\/syou\\\/about-us\\\/\",\"url\":\"https:\\\/\\\/www.sandyou.ca\\\/syou\\\/about-us\\\/\",\"name\":\"Qui sommes-nous? - S&amp;you\",\"isPartOf\":{\"@id\":\"https:\\\/\\\/www.sandyou.ca\\\/#website\"},\"datePublished\":\"2020-01-24T21:04:35+00:00\",\"dateModified\":\"2023-07-10T14:12:33+00:00\",\"breadcrumb\":{\"@id\":\"https:\\\/\\\/www.sandyou.ca\\\/syou\\\/about-us\\\/#breadcrumb\"},\"inLanguage\":\"fr-FR\",\"potentialAction\":[{\"@type\":\"ReadAction\",\"target\":[\"https:\\\/\\\/www.sandyou.ca\\\/syou\\\/about-us\\\/\"]}]},{\"@type\":\"BreadcrumbList\",\"@id\":\"https:\\\/\\\/www.sandyou.ca\\\/syou\\\/about-us\\\/#breadcrumb\",\"itemListElement\":[{\"@type\":\"ListItem\",\"position\":1,\"name\":\"Home\",\"item\":\"https:\\\/\\\/www.sandyou.ca\\\/\"},{\"@type\":\"ListItem\",\"position\":2,\"name\":\"S&#038;you\",\"item\":\"https:\\\/\\\/www.sandyou.ca\\\/fr\\\/syou\\\/\"},{\"@type\":\"ListItem\",\"position\":3,\"name\":\"Qui sommes-nous?\"}]},{\"@type\":\"WebSite\",\"@id\":\"https:\\\/\\\/www.sandyou.ca\\\/#website\",\"url\":\"https:\\\/\\\/www.sandyou.ca\\\/\",\"name\":\"S&amp;you\",\"description\":\"S&amp;you Canada\",\"publisher\":{\"@id\":\"https:\\\/\\\/www.sandyou.ca\\\/#organization\"},\"potentialAction\":[{\"@type\":\"SearchAction\",\"target\":{\"@type\":\"EntryPoint\",\"urlTemplate\":\"https:\\\/\\\/www.sandyou.ca\\\/?s={search_term_string}\"},\"query-input\":{\"@type\":\"PropertyValueSpecification\",\"valueRequired\":true,\"valueName\":\"search_term_string\"}}],\"inLanguage\":\"fr-FR\"},{\"@type\":\"Organization\",\"@id\":\"https:\\\/\\\/www.sandyou.ca\\\/#organization\",\"name\":\"S&you\",\"url\":\"https:\\\/\\\/www.sandyou.ca\\\/\",\"logo\":{\"@type\":\"ImageObject\",\"inLanguage\":\"fr-FR\",\"@id\":\"https:\\\/\\\/www.sandyou.ca\\\/#\\\/schema\\\/logo\\\/image\\\/\",\"url\":\"https:\\\/\\\/www.sandyou.ca\\\/wp-content\\\/uploads\\\/2020\\\/01\\\/sandyou-logo.svg\",\"contentUrl\":\"https:\\\/\\\/www.sandyou.ca\\\/wp-content\\\/uploads\\\/2020\\\/01\\\/sandyou-logo.svg\",\"width\":1,\"height\":1,\"caption\":\"S&you\"},\"image\":{\"@id\":\"https:\\\/\\\/www.sandyou.ca\\\/#\\\/schema\\\/logo\\\/image\\\/\"}}]}<\/script>\n<!-- \/ Yoast SEO plugin. -->","yoast_head_json":{"title":"Qui sommes-nous? - S&amp;you","robots":{"index":"index","follow":"follow","max-snippet":"max-snippet:-1","max-image-preview":"max-image-preview:large","max-video-preview":"max-video-preview:-1"},"canonical":"https:\/\/www.sandyou.ca\/syou\/about-us\/","og_locale":"fr_FR","og_type":"article","og_title":"Qui sommes-nous? - S&amp;you","og_description":"Qui sommes-nous? Cabinet de recrutement de dimension nationale et internationale, S&amp;you dispose des moyens techniques et humains adapt\u00e9s pour r\u00e9pondre aux exigences du march\u00e9. Chez S&amp;you, nous avons fait le choix d\u2019orienter notre savoir-faire et de d\u00e9velopper notre expertise sur la base d\u2019une conviction : la relation de confiance que nous cr\u00e9ons avec nos candidats, [&hellip;]","og_url":"https:\/\/www.sandyou.ca\/syou\/about-us\/","og_site_name":"S&amp;you","article_modified_time":"2023-07-10T14:12:33+00:00","twitter_card":"summary_large_image","twitter_misc":{"Dur\u00e9e de lecture estim\u00e9e":"1 minute"},"schema":{"@context":"https:\/\/schema.org","@graph":[{"@type":"WebPage","@id":"https:\/\/www.sandyou.ca\/syou\/about-us\/","url":"https:\/\/www.sandyou.ca\/syou\/about-us\/","name":"Qui sommes-nous? - S&amp;you","isPartOf":{"@id":"https:\/\/www.sandyou.ca\/#website"},"datePublished":"2020-01-24T21:04:35+00:00","dateModified":"2023-07-10T14:12:33+00:00","breadcrumb":{"@id":"https:\/\/www.sandyou.ca\/syou\/about-us\/#breadcrumb"},"inLanguage":"fr-FR","potentialAction":[{"@type":"ReadAction","target":["https:\/\/www.sandyou.ca\/syou\/about-us\/"]}]},{"@type":"BreadcrumbList","@id":"https:\/\/www.sandyou.ca\/syou\/about-us\/#breadcrumb","itemListElement":[{"@type":"ListItem","position":1,"name":"Home","item":"https:\/\/www.sandyou.ca\/"},{"@type":"ListItem","position":2,"name":"S&#038;you","item":"https:\/\/www.sandyou.ca\/fr\/syou\/"},{"@type":"ListItem","position":3,"name":"Qui sommes-nous?"}]},{"@type":"WebSite","@id":"https:\/\/www.sandyou.ca\/#website","url":"https:\/\/www.sandyou.ca\/","name":"S&amp;you","description":"S&amp;you Canada","publisher":{"@id":"https:\/\/www.sandyou.ca\/#organization"},"potentialAction":[{"@type":"SearchAction","target":{"@type":"EntryPoint","urlTemplate":"https:\/\/www.sandyou.ca\/?s={search_term_string}"},"query-input":{"@type":"PropertyValueSpecification","valueRequired":true,"valueName":"search_term_string"}}],"inLanguage":"fr-FR"},{"@type":"Organization","@id":"https:\/\/www.sandyou.ca\/#organization","name":"S&you","url":"https:\/\/www.sandyou.ca\/","logo":{"@type":"ImageObject","inLanguage":"fr-FR","@id":"https:\/\/www.sandyou.ca\/#\/schema\/logo\/image\/","url":"https:\/\/www.sandyou.ca\/wp-content\/uploads\/2020\/01\/sandyou-logo.svg","contentUrl":"https:\/\/www.sandyou.ca\/wp-content\/uploads\/2020\/01\/sandyou-logo.svg","width":1,"height":1,"caption":"S&you"},"image":{"@id":"https:\/\/www.sandyou.ca\/#\/schema\/logo\/image\/"}}]}},"_links":{"self":[{"href":"https:\/\/www.sandyou.ca\/fr\/wp-json\/wp\/v2\/pages\/289","targetHints":{"allow":["GET"]}}],"collection":[{"href":"https:\/\/www.sandyou.ca\/fr\/wp-json\/wp\/v2\/pages"}],"about":[{"href":"https:\/\/www.sandyou.ca\/fr\/wp-json\/wp\/v2\/types\/page"}],"author":[{"embeddable":true,"href":"https:\/\/www.sandyou.ca\/fr\/wp-json\/wp\/v2\/users\/1"}],"replies":[{"embeddable":true,"href":"https:\/\/www.sandyou.ca\/fr\/wp-json\/wp\/v2\/comments?post=289"}],"version-history":[{"count":13,"href":"https:\/\/www.sandyou.ca\/fr\/wp-json\/wp\/v2\/pages\/289\/revisions"}],"predecessor-version":[{"id":1604,"href":"https:\/\/www.sandyou.ca\/fr\/wp-json\/wp\/v2\/pages\/289\/revisions\/1604"}],"up":[{"embeddable":true,"href":"https:\/\/www.sandyou.ca\/fr\/wp-json\/wp\/v2\/pages\/278"}],"wp:attachment":[{"href":"https:\/\/www.sandyou.ca\/fr\/wp-json\/wp\/v2\/media?parent=289"}],"curies":[{"name":"wp","href":"https:\/\/api.w.org\/{rel}","templated":true}]}}