{"id":285,"date":"2020-01-24T16:02:13","date_gmt":"2020-01-24T21:02:13","guid":{"rendered":"https:\/\/www.sandyou.ca\/quel-employeur-etes-vous\/"},"modified":"2023-07-10T09:12:35","modified_gmt":"2023-07-10T14:12:35","slug":"quel-employeur-etes-vous","status":"publish","type":"page","link":"https:\/\/www.sandyou.ca\/fr\/entreprises\/quel-employeur-etes-vous\/","title":{"rendered":"Quel employeur \u00eates-vous ?"},"content":{"rendered":"\t\t<div data-elementor-type=\"wp-page\" data-elementor-id=\"285\" class=\"elementor elementor-285 elementor-201\" data-elementor-post-type=\"page\">\n\t\t\t\t\t\t<section class=\"elementor-section elementor-top-section elementor-element elementor-element-b92a679 elementor-section-boxed elementor-section-height-default elementor-section-height-default\" data-id=\"b92a679\" data-element_type=\"section\" data-e-type=\"section\" data-settings=\"{&quot;background_background&quot;:&quot;classic&quot;}\">\n\t\t\t\t\t\t<div class=\"elementor-container elementor-column-gap-default\">\n\t\t\t\t\t<div class=\"elementor-column elementor-col-100 elementor-top-column elementor-element elementor-element-537ad9e\" data-id=\"537ad9e\" data-element_type=\"column\" data-e-type=\"column\">\n\t\t\t<div class=\"elementor-widget-wrap elementor-element-populated\">\n\t\t\t\t\t\t<div class=\"elementor-element elementor-element-a7f0149 elementor-widget elementor-widget-spacer\" data-id=\"a7f0149\" data-element_type=\"widget\" data-e-type=\"widget\" data-widget_type=\"spacer.default\">\n\t\t\t\t<div class=\"elementor-widget-container\">\n\t\t\t\t\t\t\t<div class=\"elementor-spacer\">\n\t\t\t<div class=\"elementor-spacer-inner\"><\/div>\n\t\t<\/div>\n\t\t\t\t\t\t<\/div>\n\t\t\t\t<\/div>\n\t\t\t\t<section class=\"elementor-section elementor-inner-section elementor-element elementor-element-28bbbdb elementor-section-boxed elementor-section-height-default elementor-section-height-default\" data-id=\"28bbbdb\" data-element_type=\"section\" data-e-type=\"section\">\n\t\t\t\t\t\t<div class=\"elementor-container elementor-column-gap-default\">\n\t\t\t\t\t<div class=\"elementor-column elementor-col-50 elementor-inner-column elementor-element elementor-element-3581af7\" data-id=\"3581af7\" data-element_type=\"column\" data-e-type=\"column\" data-settings=\"{&quot;background_background&quot;:&quot;classic&quot;}\">\n\t\t\t<div class=\"elementor-widget-wrap elementor-element-populated\">\n\t\t\t\t\t\t<div class=\"elementor-element elementor-element-dc0b358 elementor-widget elementor-widget-heading\" data-id=\"dc0b358\" data-element_type=\"widget\" data-e-type=\"widget\" data-widget_type=\"heading.default\">\n\t\t\t\t<div class=\"elementor-widget-container\">\n\t\t\t\t\t<h1 class=\"elementor-heading-title elementor-size-default\">Quel employeur \u00eates-vous ?<\/h1>\t\t\t\t<\/div>\n\t\t\t\t<\/div>\n\t\t\t\t<div class=\"elementor-element elementor-element-1044a1f elementor-widget elementor-widget-text-editor\" data-id=\"1044a1f\" data-element_type=\"widget\" data-e-type=\"widget\" data-widget_type=\"text-editor.default\">\n\t\t\t\t<div class=\"elementor-widget-container\">\n\t\t\t\t\t\t\t\t\t<p>Chez S&#038;you, nous attachons une importance essentielle \u00e0 cerner l\u2019identit\u00e9 de l\u2019entreprise qui nous confie une mission de recrutement mais aussi la mani\u00e8re dont elle communique aupr\u00e8s de l\u2019ensemble de ses cibles. Le candidat est un \u00ab client \u00bb exigeant qu\u2019il faut s\u00e9duire. Nous consid\u00e9rons que notre devoir est de vous accompagner pour mieux vous r\u00e9v\u00e9ler et vous valoriser.<\/p>\n\t\t\t\t\t\t\t\t<\/div>\n\t\t\t\t<\/div>\n\t\t\t\t\t<\/div>\n\t\t<\/div>\n\t\t\t\t<div class=\"elementor-column elementor-col-50 elementor-inner-column elementor-element elementor-element-ac5654c elementor-hidden-phone\" data-id=\"ac5654c\" data-element_type=\"column\" data-e-type=\"column\" data-settings=\"{&quot;background_background&quot;:&quot;classic&quot;}\">\n\t\t\t<div class=\"elementor-widget-wrap elementor-element-populated\">\n\t\t\t\t\t\t<div class=\"elementor-element elementor-element-f7028c9 elementor-widget elementor-widget-spacer\" data-id=\"f7028c9\" data-element_type=\"widget\" data-e-type=\"widget\" data-widget_type=\"spacer.default\">\n\t\t\t\t<div class=\"elementor-widget-container\">\n\t\t\t\t\t\t\t<div class=\"elementor-spacer\">\n\t\t\t<div class=\"elementor-spacer-inner\"><\/div>\n\t\t<\/div>\n\t\t\t\t\t\t<\/div>\n\t\t\t\t<\/div>\n\t\t\t\t\t<\/div>\n\t\t<\/div>\n\t\t\t\t\t<\/div>\n\t\t<\/section>\n\t\t\t\t\t<\/div>\n\t\t<\/div>\n\t\t\t\t\t<\/div>\n\t\t<\/section>\n\t\t\t\t<section class=\"elementor-section elementor-top-section elementor-element elementor-element-3977b48 elementor-section-boxed elementor-section-height-default elementor-section-height-default\" data-id=\"3977b48\" data-element_type=\"section\" data-e-type=\"section\" data-settings=\"{&quot;background_background&quot;:&quot;classic&quot;}\">\n\t\t\t\t\t\t<div class=\"elementor-container elementor-column-gap-default\">\n\t\t\t\t\t<div class=\"elementor-column elementor-col-100 elementor-top-column elementor-element elementor-element-dc647b5\" data-id=\"dc647b5\" data-element_type=\"column\" data-e-type=\"column\">\n\t\t\t<div class=\"elementor-widget-wrap elementor-element-populated\">\n\t\t\t\t\t\t<section class=\"elementor-section elementor-inner-section elementor-element elementor-element-aadaac9 elementor-section-boxed elementor-section-height-default elementor-section-height-default\" data-id=\"aadaac9\" data-element_type=\"section\" data-e-type=\"section\">\n\t\t\t\t\t\t<div class=\"elementor-container elementor-column-gap-default\">\n\t\t\t\t\t<div class=\"elementor-column elementor-col-100 elementor-inner-column elementor-element elementor-element-97fd01c top-red-border\" data-id=\"97fd01c\" data-element_type=\"column\" data-e-type=\"column\" data-settings=\"{&quot;background_background&quot;:&quot;classic&quot;}\">\n\t\t\t<div class=\"elementor-widget-wrap elementor-element-populated\">\n\t\t\t\t\t\t<div class=\"elementor-element elementor-element-f0d1959 elementor-widget elementor-widget-heading\" data-id=\"f0d1959\" data-element_type=\"widget\" data-e-type=\"widget\" data-widget_type=\"heading.default\">\n\t\t\t\t<div class=\"elementor-widget-container\">\n\t\t\t\t\t<h2 class=\"elementor-heading-title elementor-size-default\">Une d\u00e9couverte 360\u00b0<\/h2>\t\t\t\t<\/div>\n\t\t\t\t<\/div>\n\t\t\t\t<div class=\"elementor-element elementor-element-2435a28 elementor-widget elementor-widget-text-editor\" data-id=\"2435a28\" data-element_type=\"widget\" data-e-type=\"widget\" data-widget_type=\"text-editor.default\">\n\t\t\t\t<div class=\"elementor-widget-container\">\n\t\t\t\t\t\t\t\t\t<p>Comprendre vos enjeux, vos projets, conna\u00eetre votre culture d\u2019entreprise\u2026 Nos premiers \u00e9changes sont orient\u00e9s pour appr\u00e9hender au plus juste l\u2019ADN de votre entreprise. C\u2019est aussi la phase de recueil de contenus, de t\u00e9moignages de collaboratrices et collaborateurs, de vos supports de communication de mani\u00e8re \u00e0 s\u2019approprier votre discours. Face au candidats, nous devons \u00eatre \u00ab vous-m\u00eame \u00bb.<\/p>\n\t\t\t\t\t\t\t\t<\/div>\n\t\t\t\t<\/div>\n\t\t\t\t\t<\/div>\n\t\t<\/div>\n\t\t\t\t\t<\/div>\n\t\t<\/section>\n\t\t\t\t\t<\/div>\n\t\t<\/div>\n\t\t\t\t\t<\/div>\n\t\t<\/section>\n\t\t\t\t<section class=\"elementor-section elementor-top-section elementor-element elementor-element-d3a321c elementor-section-boxed elementor-section-height-default elementor-section-height-default\" data-id=\"d3a321c\" data-element_type=\"section\" data-e-type=\"section\" data-settings=\"{&quot;background_background&quot;:&quot;classic&quot;}\">\n\t\t\t\t\t\t<div class=\"elementor-container elementor-column-gap-default\">\n\t\t\t\t\t<div class=\"elementor-column elementor-col-100 elementor-top-column elementor-element elementor-element-ca9fcc1\" data-id=\"ca9fcc1\" data-element_type=\"column\" data-e-type=\"column\">\n\t\t\t<div class=\"elementor-widget-wrap elementor-element-populated\">\n\t\t\t\t\t\t<section class=\"elementor-section elementor-inner-section elementor-element elementor-element-e5e391f top-red-border elementor-section-boxed elementor-section-height-default elementor-section-height-default\" data-id=\"e5e391f\" data-element_type=\"section\" data-e-type=\"section\">\n\t\t\t\t\t\t<div class=\"elementor-container elementor-column-gap-default\">\n\t\t\t\t\t<div class=\"elementor-column elementor-col-50 elementor-inner-column elementor-element elementor-element-091b4c4 elementor-hidden-phone\" data-id=\"091b4c4\" data-element_type=\"column\" data-e-type=\"column\" data-settings=\"{&quot;background_background&quot;:&quot;classic&quot;}\">\n\t\t\t<div class=\"elementor-widget-wrap elementor-element-populated\">\n\t\t\t\t\t\t<div class=\"elementor-element elementor-element-f770863 elementor-widget elementor-widget-spacer\" data-id=\"f770863\" data-element_type=\"widget\" data-e-type=\"widget\" data-widget_type=\"spacer.default\">\n\t\t\t\t<div class=\"elementor-widget-container\">\n\t\t\t\t\t\t\t<div class=\"elementor-spacer\">\n\t\t\t<div class=\"elementor-spacer-inner\"><\/div>\n\t\t<\/div>\n\t\t\t\t\t\t<\/div>\n\t\t\t\t<\/div>\n\t\t\t\t\t<\/div>\n\t\t<\/div>\n\t\t\t\t<div class=\"elementor-column elementor-col-50 elementor-inner-column elementor-element elementor-element-b346529\" data-id=\"b346529\" data-element_type=\"column\" data-e-type=\"column\" data-settings=\"{&quot;background_background&quot;:&quot;classic&quot;}\">\n\t\t\t<div class=\"elementor-widget-wrap elementor-element-populated\">\n\t\t\t\t\t\t<div class=\"elementor-element elementor-element-7632106 elementor-widget elementor-widget-heading\" data-id=\"7632106\" data-element_type=\"widget\" data-e-type=\"widget\" data-widget_type=\"heading.default\">\n\t\t\t\t<div class=\"elementor-widget-container\">\n\t\t\t\t\t<h2 class=\"elementor-heading-title elementor-size-default\">La mission confi\u00e9e<\/h2>\t\t\t\t<\/div>\n\t\t\t\t<\/div>\n\t\t\t\t<div class=\"elementor-element elementor-element-5db3753 elementor-widget elementor-widget-text-editor\" data-id=\"5db3753\" data-element_type=\"widget\" data-e-type=\"widget\" data-widget_type=\"text-editor.default\">\n\t\t\t\t<div class=\"elementor-widget-container\">\n\t\t\t\t\t\t\t\t\t<p>L\u2019analyse fine et approfondie du poste et de son environnement est une phase indispensable. Chez S&#038;you, nous \u00e9tudions, avec vous le profil que vous recherchez pour vous proposer des candidats aux comp\u00e9tences attendues et au savoir-\u00eatre compatible avec votre environnement.<\/p>\n\t\t\t\t\t\t\t\t<\/div>\n\t\t\t\t<\/div>\n\t\t\t\t\t<\/div>\n\t\t<\/div>\n\t\t\t\t\t<\/div>\n\t\t<\/section>\n\t\t\t\t\t<\/div>\n\t\t<\/div>\n\t\t\t\t\t<\/div>\n\t\t<\/section>\n\t\t\t\t<section class=\"elementor-section elementor-top-section elementor-element elementor-element-014bbc6 elementor-section-boxed elementor-section-height-default elementor-section-height-default\" data-id=\"014bbc6\" data-element_type=\"section\" data-e-type=\"section\" data-settings=\"{&quot;background_background&quot;:&quot;classic&quot;}\">\n\t\t\t\t\t\t<div class=\"elementor-container elementor-column-gap-default\">\n\t\t\t\t\t<div class=\"elementor-column elementor-col-100 elementor-top-column elementor-element elementor-element-2c643ed\" data-id=\"2c643ed\" data-element_type=\"column\" data-e-type=\"column\">\n\t\t\t<div class=\"elementor-widget-wrap elementor-element-populated\">\n\t\t\t\t\t\t<section class=\"elementor-section elementor-inner-section elementor-element elementor-element-294f9c0 elementor-section-boxed elementor-section-height-default elementor-section-height-default\" data-id=\"294f9c0\" data-element_type=\"section\" data-e-type=\"section\">\n\t\t\t\t\t\t<div class=\"elementor-container elementor-column-gap-default\">\n\t\t\t\t\t<div class=\"elementor-column elementor-col-100 elementor-inner-column elementor-element elementor-element-7d8918f top-red-border\" data-id=\"7d8918f\" data-element_type=\"column\" data-e-type=\"column\" data-settings=\"{&quot;background_background&quot;:&quot;classic&quot;}\">\n\t\t\t<div class=\"elementor-widget-wrap elementor-element-populated\">\n\t\t\t\t\t\t<div class=\"elementor-element elementor-element-640b9c6 elementor-widget elementor-widget-heading\" data-id=\"640b9c6\" data-element_type=\"widget\" data-e-type=\"widget\" data-widget_type=\"heading.default\">\n\t\t\t\t<div class=\"elementor-widget-container\">\n\t\t\t\t\t<h2 class=\"elementor-heading-title elementor-size-default\">Des conseils en plus<\/h2>\t\t\t\t<\/div>\n\t\t\t\t<\/div>\n\t\t\t\t<div class=\"elementor-element elementor-element-c15a23b elementor-widget elementor-widget-text-editor\" data-id=\"c15a23b\" data-element_type=\"widget\" data-e-type=\"widget\" data-widget_type=\"text-editor.default\">\n\t\t\t\t<div class=\"elementor-widget-container\">\n\t\t\t\t\t\t\t\t\t<p>Pour prendre la meilleure d\u00e9cision, il est souvent judicieux de prendre de la hauteur. Analyser les composantes de votre image employeur, la coh\u00e9rence de votre projet \u00e0 court, moyen et long terme. Si notre accompagnement d\u00e9passe parfois le cadre de la mission de recrutement proprement dite, c\u2019est toujours dans l\u2019objectif de r\u00e9ussir pour vous et avec vous.<\/p>\n\t\t\t\t\t\t\t\t<\/div>\n\t\t\t\t<\/div>\n\t\t\t\t\t<\/div>\n\t\t<\/div>\n\t\t\t\t\t<\/div>\n\t\t<\/section>\n\t\t\t\t\t<\/div>\n\t\t<\/div>\n\t\t\t\t\t<\/div>\n\t\t<\/section>\n\t\t\t\t<section class=\"elementor-section elementor-top-section elementor-element elementor-element-d5eded4 elementor-section-boxed elementor-section-height-default elementor-section-height-default\" data-id=\"d5eded4\" data-element_type=\"section\" data-e-type=\"section\">\n\t\t\t\t\t\t<div class=\"elementor-container elementor-column-gap-default\">\n\t\t\t\t\t<div class=\"elementor-column elementor-col-100 elementor-top-column elementor-element elementor-element-5aa5ca0\" data-id=\"5aa5ca0\" data-element_type=\"column\" data-e-type=\"column\">\n\t\t\t<div class=\"elementor-widget-wrap elementor-element-populated\">\n\t\t\t\t\t\t<div class=\"elementor-element elementor-element-9799363 elementor-widget elementor-widget-spacer\" data-id=\"9799363\" data-element_type=\"widget\" data-e-type=\"widget\" data-widget_type=\"spacer.default\">\n\t\t\t\t<div class=\"elementor-widget-container\">\n\t\t\t\t\t\t\t<div class=\"elementor-spacer\">\n\t\t\t<div class=\"elementor-spacer-inner\"><\/div>\n\t\t<\/div>\n\t\t\t\t\t\t<\/div>\n\t\t\t\t<\/div>\n\t\t\t\t\t<\/div>\n\t\t<\/div>\n\t\t\t\t\t<\/div>\n\t\t<\/section>\n\t\t\t\t<\/div>\n\t\t","protected":false},"excerpt":{"rendered":"<p>Quel employeur \u00eates-vous ? Chez S&#038;you, nous attachons une importance essentielle \u00e0 cerner l\u2019identit\u00e9 de l\u2019entreprise qui nous confie une mission de recrutement mais aussi la mani\u00e8re dont elle communique aupr\u00e8s de l\u2019ensemble de ses cibles. Le candidat est un \u00ab client \u00bb exigeant qu\u2019il faut s\u00e9duire. Nous consid\u00e9rons que notre devoir est de vous [&hellip;]<\/p>\n","protected":false},"author":1,"featured_media":0,"parent":291,"menu_order":1,"comment_status":"closed","ping_status":"closed","template":"","meta":{"site-sidebar-layout":"no-sidebar","site-content-layout":"page-builder","ast-site-content-layout":"default","site-content-style":"default","site-sidebar-style":"default","ast-global-header-display":"","ast-banner-title-visibility":"","ast-main-header-display":"","ast-hfb-above-header-display":"","ast-hfb-below-header-display":"","ast-hfb-mobile-header-display":"","site-post-title":"disabled","ast-breadcrumbs-content":"","ast-featured-img":"disabled","footer-sml-layout":"","ast-disable-related-posts":"","theme-transparent-header-meta":"default","adv-header-id-meta":"","stick-header-meta":"enabled","header-above-stick-meta":"","header-main-stick-meta":"on","header-below-stick-meta":"","astra-migrate-meta-layouts":"default","ast-page-background-enabled":"default","ast-page-background-meta":{"desktop":{"background-color":"","background-image":"","background-repeat":"repeat","background-position":"center center","background-size":"auto","background-attachment":"scroll","background-type":"","background-media":"","overlay-type":"","overlay-color":"","overlay-opacity":"","overlay-gradient":""},"tablet":{"background-color":"","background-image":"","background-repeat":"repeat","background-position":"center center","background-size":"auto","background-attachment":"scroll","background-type":"","background-media":"","overlay-type":"","overlay-color":"","overlay-opacity":"","overlay-gradient":""},"mobile":{"background-color":"","background-image":"","background-repeat":"repeat","background-position":"center center","background-size":"auto","background-attachment":"scroll","background-type":"","background-media":"","overlay-type":"","overlay-color":"","overlay-opacity":"","overlay-gradient":""}},"ast-content-background-meta":{"desktop":{"background-color":"var(--ast-global-color-5)","background-image":"","background-repeat":"repeat","background-position":"center center","background-size":"auto","background-attachment":"scroll","background-type":"","background-media":"","overlay-type":"","overlay-color":"","overlay-opacity":"","overlay-gradient":""},"tablet":{"background-color":"var(--ast-global-color-5)","background-image":"","background-repeat":"repeat","background-position":"center center","background-size":"auto","background-attachment":"scroll","background-type":"","background-media":"","overlay-type":"","overlay-color":"","overlay-opacity":"","overlay-gradient":""},"mobile":{"background-color":"var(--ast-global-color-5)","background-image":"","background-repeat":"repeat","background-position":"center center","background-size":"auto","background-attachment":"scroll","background-type":"","background-media":"","overlay-type":"","overlay-color":"","overlay-opacity":"","overlay-gradient":""}},"footnotes":""},"class_list":["post-285","page","type-page","status-publish","hentry"],"yoast_head":"<!-- This site is optimized with the Yoast SEO plugin v27.5 - https:\/\/yoast.com\/product\/yoast-seo-wordpress\/ -->\n<title>Quel employeur \u00eates-vous ? - S&amp;you<\/title>\n<meta name=\"robots\" content=\"index, follow, max-snippet:-1, max-image-preview:large, max-video-preview:-1\" \/>\n<link rel=\"canonical\" href=\"https:\/\/www.sandyou.ca\/business\/what-type-of-employer-are-you\/\" \/>\n<meta property=\"og:locale\" content=\"fr_FR\" \/>\n<meta property=\"og:type\" content=\"article\" \/>\n<meta property=\"og:title\" content=\"Quel employeur \u00eates-vous ? - S&amp;you\" \/>\n<meta property=\"og:description\" content=\"Quel employeur \u00eates-vous ? Chez S&#038;you, nous attachons une importance essentielle \u00e0 cerner l\u2019identit\u00e9 de l\u2019entreprise qui nous confie une mission de recrutement mais aussi la mani\u00e8re dont elle communique aupr\u00e8s de l\u2019ensemble de ses cibles. Le candidat est un \u00ab client \u00bb exigeant qu\u2019il faut s\u00e9duire. Nous consid\u00e9rons que notre devoir est de vous [&hellip;]\" \/>\n<meta property=\"og:url\" content=\"https:\/\/www.sandyou.ca\/business\/what-type-of-employer-are-you\/\" \/>\n<meta property=\"og:site_name\" content=\"S&amp;you\" \/>\n<meta property=\"article:modified_time\" content=\"2023-07-10T14:12:35+00:00\" \/>\n<meta name=\"twitter:card\" content=\"summary_large_image\" \/>\n<meta name=\"twitter:label1\" content=\"Dur\u00e9e de lecture estim\u00e9e\" \/>\n\t<meta name=\"twitter:data1\" content=\"1 minute\" \/>\n<script type=\"application\/ld+json\" class=\"yoast-schema-graph\">{\"@context\":\"https:\\\/\\\/schema.org\",\"@graph\":[{\"@type\":\"WebPage\",\"@id\":\"https:\\\/\\\/www.sandyou.ca\\\/business\\\/what-type-of-employer-are-you\\\/\",\"url\":\"https:\\\/\\\/www.sandyou.ca\\\/business\\\/what-type-of-employer-are-you\\\/\",\"name\":\"Quel employeur \u00eates-vous ? - S&amp;you\",\"isPartOf\":{\"@id\":\"https:\\\/\\\/www.sandyou.ca\\\/#website\"},\"datePublished\":\"2020-01-24T21:02:13+00:00\",\"dateModified\":\"2023-07-10T14:12:35+00:00\",\"breadcrumb\":{\"@id\":\"https:\\\/\\\/www.sandyou.ca\\\/business\\\/what-type-of-employer-are-you\\\/#breadcrumb\"},\"inLanguage\":\"fr-FR\",\"potentialAction\":[{\"@type\":\"ReadAction\",\"target\":[\"https:\\\/\\\/www.sandyou.ca\\\/business\\\/what-type-of-employer-are-you\\\/\"]}]},{\"@type\":\"BreadcrumbList\",\"@id\":\"https:\\\/\\\/www.sandyou.ca\\\/business\\\/what-type-of-employer-are-you\\\/#breadcrumb\",\"itemListElement\":[{\"@type\":\"ListItem\",\"position\":1,\"name\":\"Home\",\"item\":\"https:\\\/\\\/www.sandyou.ca\\\/\"},{\"@type\":\"ListItem\",\"position\":2,\"name\":\"Entreprises\",\"item\":\"https:\\\/\\\/www.sandyou.ca\\\/business\\\/\"},{\"@type\":\"ListItem\",\"position\":3,\"name\":\"Quel employeur \u00eates-vous ?\"}]},{\"@type\":\"WebSite\",\"@id\":\"https:\\\/\\\/www.sandyou.ca\\\/#website\",\"url\":\"https:\\\/\\\/www.sandyou.ca\\\/\",\"name\":\"S&amp;you\",\"description\":\"S&amp;you Canada\",\"publisher\":{\"@id\":\"https:\\\/\\\/www.sandyou.ca\\\/#organization\"},\"potentialAction\":[{\"@type\":\"SearchAction\",\"target\":{\"@type\":\"EntryPoint\",\"urlTemplate\":\"https:\\\/\\\/www.sandyou.ca\\\/?s={search_term_string}\"},\"query-input\":{\"@type\":\"PropertyValueSpecification\",\"valueRequired\":true,\"valueName\":\"search_term_string\"}}],\"inLanguage\":\"fr-FR\"},{\"@type\":\"Organization\",\"@id\":\"https:\\\/\\\/www.sandyou.ca\\\/#organization\",\"name\":\"S&you\",\"url\":\"https:\\\/\\\/www.sandyou.ca\\\/\",\"logo\":{\"@type\":\"ImageObject\",\"inLanguage\":\"fr-FR\",\"@id\":\"https:\\\/\\\/www.sandyou.ca\\\/#\\\/schema\\\/logo\\\/image\\\/\",\"url\":\"https:\\\/\\\/www.sandyou.ca\\\/wp-content\\\/uploads\\\/2020\\\/01\\\/sandyou-logo.svg\",\"contentUrl\":\"https:\\\/\\\/www.sandyou.ca\\\/wp-content\\\/uploads\\\/2020\\\/01\\\/sandyou-logo.svg\",\"width\":1,\"height\":1,\"caption\":\"S&you\"},\"image\":{\"@id\":\"https:\\\/\\\/www.sandyou.ca\\\/#\\\/schema\\\/logo\\\/image\\\/\"}}]}<\/script>\n<!-- \/ Yoast SEO plugin. -->","yoast_head_json":{"title":"Quel employeur \u00eates-vous ? - S&amp;you","robots":{"index":"index","follow":"follow","max-snippet":"max-snippet:-1","max-image-preview":"max-image-preview:large","max-video-preview":"max-video-preview:-1"},"canonical":"https:\/\/www.sandyou.ca\/business\/what-type-of-employer-are-you\/","og_locale":"fr_FR","og_type":"article","og_title":"Quel employeur \u00eates-vous ? - S&amp;you","og_description":"Quel employeur \u00eates-vous ? Chez S&#038;you, nous attachons une importance essentielle \u00e0 cerner l\u2019identit\u00e9 de l\u2019entreprise qui nous confie une mission de recrutement mais aussi la mani\u00e8re dont elle communique aupr\u00e8s de l\u2019ensemble de ses cibles. Le candidat est un \u00ab client \u00bb exigeant qu\u2019il faut s\u00e9duire. Nous consid\u00e9rons que notre devoir est de vous [&hellip;]","og_url":"https:\/\/www.sandyou.ca\/business\/what-type-of-employer-are-you\/","og_site_name":"S&amp;you","article_modified_time":"2023-07-10T14:12:35+00:00","twitter_card":"summary_large_image","twitter_misc":{"Dur\u00e9e de lecture estim\u00e9e":"1 minute"},"schema":{"@context":"https:\/\/schema.org","@graph":[{"@type":"WebPage","@id":"https:\/\/www.sandyou.ca\/business\/what-type-of-employer-are-you\/","url":"https:\/\/www.sandyou.ca\/business\/what-type-of-employer-are-you\/","name":"Quel employeur \u00eates-vous ? - S&amp;you","isPartOf":{"@id":"https:\/\/www.sandyou.ca\/#website"},"datePublished":"2020-01-24T21:02:13+00:00","dateModified":"2023-07-10T14:12:35+00:00","breadcrumb":{"@id":"https:\/\/www.sandyou.ca\/business\/what-type-of-employer-are-you\/#breadcrumb"},"inLanguage":"fr-FR","potentialAction":[{"@type":"ReadAction","target":["https:\/\/www.sandyou.ca\/business\/what-type-of-employer-are-you\/"]}]},{"@type":"BreadcrumbList","@id":"https:\/\/www.sandyou.ca\/business\/what-type-of-employer-are-you\/#breadcrumb","itemListElement":[{"@type":"ListItem","position":1,"name":"Home","item":"https:\/\/www.sandyou.ca\/"},{"@type":"ListItem","position":2,"name":"Entreprises","item":"https:\/\/www.sandyou.ca\/business\/"},{"@type":"ListItem","position":3,"name":"Quel employeur \u00eates-vous ?"}]},{"@type":"WebSite","@id":"https:\/\/www.sandyou.ca\/#website","url":"https:\/\/www.sandyou.ca\/","name":"S&amp;you","description":"S&amp;you Canada","publisher":{"@id":"https:\/\/www.sandyou.ca\/#organization"},"potentialAction":[{"@type":"SearchAction","target":{"@type":"EntryPoint","urlTemplate":"https:\/\/www.sandyou.ca\/?s={search_term_string}"},"query-input":{"@type":"PropertyValueSpecification","valueRequired":true,"valueName":"search_term_string"}}],"inLanguage":"fr-FR"},{"@type":"Organization","@id":"https:\/\/www.sandyou.ca\/#organization","name":"S&you","url":"https:\/\/www.sandyou.ca\/","logo":{"@type":"ImageObject","inLanguage":"fr-FR","@id":"https:\/\/www.sandyou.ca\/#\/schema\/logo\/image\/","url":"https:\/\/www.sandyou.ca\/wp-content\/uploads\/2020\/01\/sandyou-logo.svg","contentUrl":"https:\/\/www.sandyou.ca\/wp-content\/uploads\/2020\/01\/sandyou-logo.svg","width":1,"height":1,"caption":"S&you"},"image":{"@id":"https:\/\/www.sandyou.ca\/#\/schema\/logo\/image\/"}}]}},"_links":{"self":[{"href":"https:\/\/www.sandyou.ca\/fr\/wp-json\/wp\/v2\/pages\/285","targetHints":{"allow":["GET"]}}],"collection":[{"href":"https:\/\/www.sandyou.ca\/fr\/wp-json\/wp\/v2\/pages"}],"about":[{"href":"https:\/\/www.sandyou.ca\/fr\/wp-json\/wp\/v2\/types\/page"}],"author":[{"embeddable":true,"href":"https:\/\/www.sandyou.ca\/fr\/wp-json\/wp\/v2\/users\/1"}],"replies":[{"embeddable":true,"href":"https:\/\/www.sandyou.ca\/fr\/wp-json\/wp\/v2\/comments?post=285"}],"version-history":[{"count":7,"href":"https:\/\/www.sandyou.ca\/fr\/wp-json\/wp\/v2\/pages\/285\/revisions"}],"predecessor-version":[{"id":1778,"href":"https:\/\/www.sandyou.ca\/fr\/wp-json\/wp\/v2\/pages\/285\/revisions\/1778"}],"up":[{"embeddable":true,"href":"https:\/\/www.sandyou.ca\/fr\/wp-json\/wp\/v2\/pages\/291"}],"wp:attachment":[{"href":"https:\/\/www.sandyou.ca\/fr\/wp-json\/wp\/v2\/media?parent=285"}],"curies":[{"name":"wp","href":"https:\/\/api.w.org\/{rel}","templated":true}]}}