{"id":265,"date":"2020-01-24T15:36:19","date_gmt":"2020-01-24T20:36:19","guid":{"rendered":"https:\/\/www.sandyou.ca\/notre-organisation\/"},"modified":"2023-07-10T09:12:34","modified_gmt":"2023-07-10T14:12:34","slug":"notre-organisation","status":"publish","type":"page","link":"https:\/\/www.sandyou.ca\/fr\/entreprises\/notre-organisation\/","title":{"rendered":"Notre Organisation"},"content":{"rendered":"\t\t<div data-elementor-type=\"wp-post\" data-elementor-id=\"265\" class=\"elementor elementor-265 elementor-207\" data-elementor-post-type=\"page\">\n\t\t\t\t\t\t<section class=\"elementor-section elementor-top-section elementor-element elementor-element-289f775 elementor-section-boxed elementor-section-height-default elementor-section-height-default\" data-id=\"289f775\" data-element_type=\"section\" data-e-type=\"section\" data-settings=\"{&quot;background_background&quot;:&quot;classic&quot;}\">\n\t\t\t\t\t\t<div class=\"elementor-container elementor-column-gap-default\">\n\t\t\t\t\t<div class=\"elementor-column elementor-col-100 elementor-top-column elementor-element elementor-element-0798a95\" data-id=\"0798a95\" data-element_type=\"column\" data-e-type=\"column\">\n\t\t\t<div class=\"elementor-widget-wrap elementor-element-populated\">\n\t\t\t\t\t\t<div class=\"elementor-element elementor-element-3adc9e2 elementor-widget elementor-widget-spacer\" data-id=\"3adc9e2\" data-element_type=\"widget\" data-e-type=\"widget\" data-widget_type=\"spacer.default\">\n\t\t\t\t<div class=\"elementor-widget-container\">\n\t\t\t\t\t\t\t<div class=\"elementor-spacer\">\n\t\t\t<div class=\"elementor-spacer-inner\"><\/div>\n\t\t<\/div>\n\t\t\t\t\t\t<\/div>\n\t\t\t\t<\/div>\n\t\t\t\t<section class=\"elementor-section elementor-inner-section elementor-element elementor-element-964df75 elementor-section-boxed elementor-section-height-default elementor-section-height-default\" data-id=\"964df75\" data-element_type=\"section\" data-e-type=\"section\">\n\t\t\t\t\t\t<div class=\"elementor-container elementor-column-gap-default\">\n\t\t\t\t\t<div class=\"elementor-column elementor-col-50 elementor-inner-column elementor-element elementor-element-d7ee4cf\" data-id=\"d7ee4cf\" data-element_type=\"column\" data-e-type=\"column\" data-settings=\"{&quot;background_background&quot;:&quot;classic&quot;}\">\n\t\t\t<div class=\"elementor-widget-wrap elementor-element-populated\">\n\t\t\t\t\t\t<div class=\"elementor-element elementor-element-0180ee8 elementor-widget elementor-widget-heading\" data-id=\"0180ee8\" data-element_type=\"widget\" data-e-type=\"widget\" data-widget_type=\"heading.default\">\n\t\t\t\t<div class=\"elementor-widget-container\">\n\t\t\t\t\t<h1 class=\"elementor-heading-title elementor-size-default\">Notre Organisation<\/h1>\t\t\t\t<\/div>\n\t\t\t\t<\/div>\n\t\t\t\t<div class=\"elementor-element elementor-element-b84342d elementor-widget elementor-widget-text-editor\" data-id=\"b84342d\" data-element_type=\"widget\" data-e-type=\"widget\" data-widget_type=\"text-editor.default\">\n\t\t\t\t<div class=\"elementor-widget-container\">\n\t\t\t\t\t\t\t\t\t<p>S&#038;you est organis\u00e9 pour r\u00e9pondre \u00e0 vos besoins de recrutement de profils experts et cadres quel que soit le m\u00e9tier et le secteur d\u2019activit\u00e9. Nos consultants, v\u00e9ritables partenaires de vos projets, sont en mesure de vous accompagner pour vos projets en Suisse mais aussi \u00e0 l\u2019\u00e9tranger.<\/p>\n\t\t\t\t\t\t\t\t<\/div>\n\t\t\t\t<\/div>\n\t\t\t\t\t<\/div>\n\t\t<\/div>\n\t\t\t\t<div class=\"elementor-column elementor-col-50 elementor-inner-column elementor-element elementor-element-8fed426 elementor-hidden-phone\" data-id=\"8fed426\" data-element_type=\"column\" data-e-type=\"column\" data-settings=\"{&quot;background_background&quot;:&quot;classic&quot;}\">\n\t\t\t<div class=\"elementor-widget-wrap elementor-element-populated\">\n\t\t\t\t\t\t<div class=\"elementor-element elementor-element-9c245b5 elementor-widget elementor-widget-spacer\" data-id=\"9c245b5\" data-element_type=\"widget\" data-e-type=\"widget\" data-widget_type=\"spacer.default\">\n\t\t\t\t<div class=\"elementor-widget-container\">\n\t\t\t\t\t\t\t<div class=\"elementor-spacer\">\n\t\t\t<div class=\"elementor-spacer-inner\"><\/div>\n\t\t<\/div>\n\t\t\t\t\t\t<\/div>\n\t\t\t\t<\/div>\n\t\t\t\t\t<\/div>\n\t\t<\/div>\n\t\t\t\t\t<\/div>\n\t\t<\/section>\n\t\t\t\t\t<\/div>\n\t\t<\/div>\n\t\t\t\t\t<\/div>\n\t\t<\/section>\n\t\t\t\t<section class=\"elementor-section elementor-top-section elementor-element elementor-element-63c8b7d elementor-section-boxed elementor-section-height-default elementor-section-height-default\" data-id=\"63c8b7d\" data-element_type=\"section\" data-e-type=\"section\" data-settings=\"{&quot;background_background&quot;:&quot;classic&quot;}\">\n\t\t\t\t\t\t<div class=\"elementor-container elementor-column-gap-default\">\n\t\t\t\t\t<div class=\"elementor-column elementor-col-100 elementor-top-column elementor-element elementor-element-3d13fa8\" data-id=\"3d13fa8\" data-element_type=\"column\" data-e-type=\"column\">\n\t\t\t<div class=\"elementor-widget-wrap elementor-element-populated\">\n\t\t\t\t\t\t<section class=\"elementor-section elementor-inner-section elementor-element elementor-element-bdb68dc elementor-section-boxed elementor-section-height-default elementor-section-height-default\" data-id=\"bdb68dc\" data-element_type=\"section\" data-e-type=\"section\">\n\t\t\t\t\t\t<div class=\"elementor-container elementor-column-gap-default\">\n\t\t\t\t\t<div class=\"elementor-column elementor-col-100 elementor-inner-column elementor-element elementor-element-08af031 top-red-border\" data-id=\"08af031\" data-element_type=\"column\" data-e-type=\"column\" data-settings=\"{&quot;background_background&quot;:&quot;classic&quot;}\">\n\t\t\t<div class=\"elementor-widget-wrap elementor-element-populated\">\n\t\t\t\t\t\t<div class=\"elementor-element elementor-element-442cb9e elementor-widget elementor-widget-heading\" data-id=\"442cb9e\" data-element_type=\"widget\" data-e-type=\"widget\" data-widget_type=\"heading.default\">\n\t\t\t\t<div class=\"elementor-widget-container\">\n\t\t\t\t\t<h2 class=\"elementor-heading-title elementor-size-default\">Notre Expertise<\/h2>\t\t\t\t<\/div>\n\t\t\t\t<\/div>\n\t\t\t\t<div class=\"elementor-element elementor-element-1c573aa elementor-widget elementor-widget-text-editor\" data-id=\"1c573aa\" data-element_type=\"widget\" data-e-type=\"widget\" data-widget_type=\"text-editor.default\">\n\t\t\t\t<div class=\"elementor-widget-container\">\n\t\t\t\t\t\t\t\t\t<p>Notre \u00e9quipe est sp\u00e9cialis\u00e9e dans les secteurs o\u00f9 la p\u00e9nurie de main d\u2019\u0153uvre se fait sentir. Nous avons particuli\u00e8rement de l\u2019exp\u00e9rience dans les secteurs industriels et tertiaires. Notre expertise en sourcing, recrutement digital et notre capacit\u00e9 \u00e0 d\u00e9nicher des talents dans l\u2019ensemble du Big Data nous permet de nous positionner sur tous les segments du march\u00e9 du travail.<\/p>\n\t\t\t\t\t\t\t\t<\/div>\n\t\t\t\t<\/div>\n\t\t\t\t\t<\/div>\n\t\t<\/div>\n\t\t\t\t\t<\/div>\n\t\t<\/section>\n\t\t\t\t\t<\/div>\n\t\t<\/div>\n\t\t\t\t\t<\/div>\n\t\t<\/section>\n\t\t\t\t<section class=\"elementor-section elementor-top-section elementor-element elementor-element-63fca5c elementor-section-boxed elementor-section-height-default elementor-section-height-default\" data-id=\"63fca5c\" data-element_type=\"section\" data-e-type=\"section\" data-settings=\"{&quot;background_background&quot;:&quot;classic&quot;}\">\n\t\t\t\t\t\t<div class=\"elementor-container elementor-column-gap-default\">\n\t\t\t\t\t<div class=\"elementor-column elementor-col-100 elementor-top-column elementor-element elementor-element-c1f1712\" data-id=\"c1f1712\" data-element_type=\"column\" data-e-type=\"column\">\n\t\t\t<div class=\"elementor-widget-wrap elementor-element-populated\">\n\t\t\t\t\t\t<section class=\"elementor-section elementor-inner-section elementor-element elementor-element-78849bb top-red-border elementor-section-boxed elementor-section-height-default elementor-section-height-default\" data-id=\"78849bb\" data-element_type=\"section\" data-e-type=\"section\">\n\t\t\t\t\t\t<div class=\"elementor-container elementor-column-gap-default\">\n\t\t\t\t\t<div class=\"elementor-column elementor-col-50 elementor-inner-column elementor-element elementor-element-8a19346 elementor-hidden-phone\" data-id=\"8a19346\" data-element_type=\"column\" data-e-type=\"column\" data-settings=\"{&quot;background_background&quot;:&quot;classic&quot;}\">\n\t\t\t<div class=\"elementor-widget-wrap elementor-element-populated\">\n\t\t\t\t\t\t<div class=\"elementor-element elementor-element-02fec3e elementor-widget elementor-widget-spacer\" data-id=\"02fec3e\" data-element_type=\"widget\" data-e-type=\"widget\" data-widget_type=\"spacer.default\">\n\t\t\t\t<div class=\"elementor-widget-container\">\n\t\t\t\t\t\t\t<div class=\"elementor-spacer\">\n\t\t\t<div class=\"elementor-spacer-inner\"><\/div>\n\t\t<\/div>\n\t\t\t\t\t\t<\/div>\n\t\t\t\t<\/div>\n\t\t\t\t\t<\/div>\n\t\t<\/div>\n\t\t\t\t<div class=\"elementor-column elementor-col-50 elementor-inner-column elementor-element elementor-element-639201d\" data-id=\"639201d\" data-element_type=\"column\" data-e-type=\"column\" data-settings=\"{&quot;background_background&quot;:&quot;classic&quot;}\">\n\t\t\t<div class=\"elementor-widget-wrap elementor-element-populated\">\n\t\t\t\t\t\t<div class=\"elementor-element elementor-element-983373f elementor-widget elementor-widget-heading\" data-id=\"983373f\" data-element_type=\"widget\" data-e-type=\"widget\" data-widget_type=\"heading.default\">\n\t\t\t\t<div class=\"elementor-widget-container\">\n\t\t\t\t\t<h2 class=\"elementor-heading-title elementor-size-default\">Au Canada...<\/h2>\t\t\t\t<\/div>\n\t\t\t\t<\/div>\n\t\t\t\t<div class=\"elementor-element elementor-element-d2c1e65 elementor-widget elementor-widget-text-editor\" data-id=\"d2c1e65\" data-element_type=\"widget\" data-e-type=\"widget\" data-widget_type=\"text-editor.default\">\n\t\t\t\t<div class=\"elementor-widget-container\">\n\t\t\t\t\t\t\t\t\t<p>Notre implantation nationale vous assure une pr\u00e9sence de proximit\u00e9 partout o\u00f9 vous \u00eates. Depuis les grandes m\u00e9tropoles r\u00e9gionales, nous rayonnons sur l\u2019ensemble des bassins d\u2019emploi du territoire et effectuons une veille constante des \u00e9volutions et tendances. Au c\u0153ur des r\u00e9gions, au c\u0153ur des besoins.<\/p>\n\t\t\t\t\t\t\t\t<\/div>\n\t\t\t\t<\/div>\n\t\t\t\t\t<\/div>\n\t\t<\/div>\n\t\t\t\t\t<\/div>\n\t\t<\/section>\n\t\t\t\t\t<\/div>\n\t\t<\/div>\n\t\t\t\t\t<\/div>\n\t\t<\/section>\n\t\t\t\t<section class=\"elementor-section elementor-top-section elementor-element elementor-element-bbf2ecf elementor-section-boxed elementor-section-height-default elementor-section-height-default\" data-id=\"bbf2ecf\" data-element_type=\"section\" data-e-type=\"section\" data-settings=\"{&quot;background_background&quot;:&quot;classic&quot;}\">\n\t\t\t\t\t\t<div class=\"elementor-container elementor-column-gap-default\">\n\t\t\t\t\t<div class=\"elementor-column elementor-col-100 elementor-top-column elementor-element elementor-element-a7bacb0\" data-id=\"a7bacb0\" data-element_type=\"column\" data-e-type=\"column\">\n\t\t\t<div class=\"elementor-widget-wrap elementor-element-populated\">\n\t\t\t\t\t\t<section class=\"elementor-section elementor-inner-section elementor-element elementor-element-d39ddb9 elementor-section-boxed elementor-section-height-default elementor-section-height-default\" data-id=\"d39ddb9\" data-element_type=\"section\" data-e-type=\"section\">\n\t\t\t\t\t\t<div class=\"elementor-container elementor-column-gap-default\">\n\t\t\t\t\t<div class=\"elementor-column elementor-col-100 elementor-inner-column elementor-element elementor-element-ea45c53 top-red-border\" data-id=\"ea45c53\" data-element_type=\"column\" data-e-type=\"column\" data-settings=\"{&quot;background_background&quot;:&quot;classic&quot;}\">\n\t\t\t<div class=\"elementor-widget-wrap elementor-element-populated\">\n\t\t\t\t\t\t<div class=\"elementor-element elementor-element-1b007a4 elementor-widget elementor-widget-heading\" data-id=\"1b007a4\" data-element_type=\"widget\" data-e-type=\"widget\" data-widget_type=\"heading.default\">\n\t\t\t\t<div class=\"elementor-widget-container\">\n\t\t\t\t\t<h2 class=\"elementor-heading-title elementor-size-default\">... Comme \u00e0 l'international<\/h2>\t\t\t\t<\/div>\n\t\t\t\t<\/div>\n\t\t\t\t<div class=\"elementor-element elementor-element-6a805ed elementor-widget elementor-widget-text-editor\" data-id=\"6a805ed\" data-element_type=\"widget\" data-e-type=\"widget\" data-widget_type=\"text-editor.default\">\n\t\t\t\t<div class=\"elementor-widget-container\">\n\t\t\t\t\t\t\t\t\t<p>Pilot\u00e9 depuis la France ou directement via une de nos filiales \u00e9trang\u00e8res, la mission de recrutement \u00e0 l\u2019international que vous nous confiez r\u00e9pondra \u00e0 tous les degr\u00e9s d\u2019exigence et de savoir faire. Chez nous, cette prestation s\u2019appuie sur une marque d\u00e9di\u00e9e : le Global Cross Sourcing.<\/p>\n\t\t\t\t\t\t\t\t<\/div>\n\t\t\t\t<\/div>\n\t\t\t\t\t<\/div>\n\t\t<\/div>\n\t\t\t\t\t<\/div>\n\t\t<\/section>\n\t\t\t\t\t<\/div>\n\t\t<\/div>\n\t\t\t\t\t<\/div>\n\t\t<\/section>\n\t\t\t\t<section class=\"elementor-section elementor-top-section elementor-element elementor-element-60ec0a3 elementor-section-boxed elementor-section-height-default elementor-section-height-default\" data-id=\"60ec0a3\" data-element_type=\"section\" data-e-type=\"section\">\n\t\t\t\t\t\t<div class=\"elementor-container elementor-column-gap-default\">\n\t\t\t\t\t<div class=\"elementor-column elementor-col-100 elementor-top-column elementor-element elementor-element-03f7f2e\" data-id=\"03f7f2e\" data-element_type=\"column\" data-e-type=\"column\">\n\t\t\t<div class=\"elementor-widget-wrap elementor-element-populated\">\n\t\t\t\t\t\t<div class=\"elementor-element elementor-element-960e49e elementor-widget elementor-widget-spacer\" data-id=\"960e49e\" data-element_type=\"widget\" data-e-type=\"widget\" data-widget_type=\"spacer.default\">\n\t\t\t\t<div class=\"elementor-widget-container\">\n\t\t\t\t\t\t\t<div class=\"elementor-spacer\">\n\t\t\t<div class=\"elementor-spacer-inner\"><\/div>\n\t\t<\/div>\n\t\t\t\t\t\t<\/div>\n\t\t\t\t<\/div>\n\t\t\t\t\t<\/div>\n\t\t<\/div>\n\t\t\t\t\t<\/div>\n\t\t<\/section>\n\t\t\t\t<\/div>\n\t\t","protected":false},"excerpt":{"rendered":"<p>Notre Organisation S&#038;you est organis\u00e9 pour r\u00e9pondre \u00e0 vos besoins de recrutement de profils experts et cadres quel que soit le m\u00e9tier et le secteur d\u2019activit\u00e9. Nos consultants, v\u00e9ritables partenaires de vos projets, sont en mesure de vous accompagner pour vos projets en Suisse mais aussi \u00e0 l\u2019\u00e9tranger. Notre Expertise Notre \u00e9quipe est sp\u00e9cialis\u00e9e dans [&hellip;]<\/p>\n","protected":false},"author":1,"featured_media":0,"parent":291,"menu_order":0,"comment_status":"closed","ping_status":"closed","template":"","meta":{"site-sidebar-layout":"no-sidebar","site-content-layout":"page-builder","ast-site-content-layout":"default","site-content-style":"default","site-sidebar-style":"default","ast-global-header-display":"","ast-banner-title-visibility":"","ast-main-header-display":"","ast-hfb-above-header-display":"","ast-hfb-below-header-display":"","ast-hfb-mobile-header-display":"","site-post-title":"disabled","ast-breadcrumbs-content":"","ast-featured-img":"disabled","footer-sml-layout":"","ast-disable-related-posts":"","theme-transparent-header-meta":"default","adv-header-id-meta":"","stick-header-meta":"enabled","header-above-stick-meta":"","header-main-stick-meta":"on","header-below-stick-meta":"","astra-migrate-meta-layouts":"default","ast-page-background-enabled":"default","ast-page-background-meta":{"desktop":{"background-color":"","background-image":"","background-repeat":"repeat","background-position":"center center","background-size":"auto","background-attachment":"scroll","background-type":"","background-media":"","overlay-type":"","overlay-color":"","overlay-opacity":"","overlay-gradient":""},"tablet":{"background-color":"","background-image":"","background-repeat":"repeat","background-position":"center center","background-size":"auto","background-attachment":"scroll","background-type":"","background-media":"","overlay-type":"","overlay-color":"","overlay-opacity":"","overlay-gradient":""},"mobile":{"background-color":"","background-image":"","background-repeat":"repeat","background-position":"center center","background-size":"auto","background-attachment":"scroll","background-type":"","background-media":"","overlay-type":"","overlay-color":"","overlay-opacity":"","overlay-gradient":""}},"ast-content-background-meta":{"desktop":{"background-color":"var(--ast-global-color-5)","background-image":"","background-repeat":"repeat","background-position":"center center","background-size":"auto","background-attachment":"scroll","background-type":"","background-media":"","overlay-type":"","overlay-color":"","overlay-opacity":"","overlay-gradient":""},"tablet":{"background-color":"var(--ast-global-color-5)","background-image":"","background-repeat":"repeat","background-position":"center center","background-size":"auto","background-attachment":"scroll","background-type":"","background-media":"","overlay-type":"","overlay-color":"","overlay-opacity":"","overlay-gradient":""},"mobile":{"background-color":"var(--ast-global-color-5)","background-image":"","background-repeat":"repeat","background-position":"center center","background-size":"auto","background-attachment":"scroll","background-type":"","background-media":"","overlay-type":"","overlay-color":"","overlay-opacity":"","overlay-gradient":""}},"footnotes":""},"class_list":["post-265","page","type-page","status-publish","hentry"],"yoast_head":"<!-- This site is optimized with the Yoast SEO plugin v27.5 - https:\/\/yoast.com\/product\/yoast-seo-wordpress\/ -->\n<title>Notre Organisation - S&amp;you<\/title>\n<meta name=\"robots\" content=\"index, follow, max-snippet:-1, max-image-preview:large, max-video-preview:-1\" \/>\n<link rel=\"canonical\" href=\"https:\/\/www.sandyou.ca\/business\/our-organisation\/\" \/>\n<meta property=\"og:locale\" content=\"fr_FR\" \/>\n<meta property=\"og:type\" content=\"article\" \/>\n<meta property=\"og:title\" content=\"Notre Organisation - S&amp;you\" \/>\n<meta property=\"og:description\" content=\"Notre Organisation S&#038;you est organis\u00e9 pour r\u00e9pondre \u00e0 vos besoins de recrutement de profils experts et cadres quel que soit le m\u00e9tier et le secteur d\u2019activit\u00e9. Nos consultants, v\u00e9ritables partenaires de vos projets, sont en mesure de vous accompagner pour vos projets en Suisse mais aussi \u00e0 l\u2019\u00e9tranger. Notre Expertise Notre \u00e9quipe est sp\u00e9cialis\u00e9e dans [&hellip;]\" \/>\n<meta property=\"og:url\" content=\"https:\/\/www.sandyou.ca\/business\/our-organisation\/\" \/>\n<meta property=\"og:site_name\" content=\"S&amp;you\" \/>\n<meta property=\"article:modified_time\" content=\"2023-07-10T14:12:34+00:00\" \/>\n<meta name=\"twitter:card\" content=\"summary_large_image\" \/>\n<meta name=\"twitter:label1\" content=\"Dur\u00e9e de lecture estim\u00e9e\" \/>\n\t<meta name=\"twitter:data1\" content=\"1 minute\" \/>\n<script type=\"application\/ld+json\" class=\"yoast-schema-graph\">{\"@context\":\"https:\\\/\\\/schema.org\",\"@graph\":[{\"@type\":\"WebPage\",\"@id\":\"https:\\\/\\\/www.sandyou.ca\\\/business\\\/our-organisation\\\/\",\"url\":\"https:\\\/\\\/www.sandyou.ca\\\/business\\\/our-organisation\\\/\",\"name\":\"Notre Organisation - S&amp;you\",\"isPartOf\":{\"@id\":\"https:\\\/\\\/www.sandyou.ca\\\/#website\"},\"datePublished\":\"2020-01-24T20:36:19+00:00\",\"dateModified\":\"2023-07-10T14:12:34+00:00\",\"breadcrumb\":{\"@id\":\"https:\\\/\\\/www.sandyou.ca\\\/business\\\/our-organisation\\\/#breadcrumb\"},\"inLanguage\":\"fr-FR\",\"potentialAction\":[{\"@type\":\"ReadAction\",\"target\":[\"https:\\\/\\\/www.sandyou.ca\\\/business\\\/our-organisation\\\/\"]}]},{\"@type\":\"BreadcrumbList\",\"@id\":\"https:\\\/\\\/www.sandyou.ca\\\/business\\\/our-organisation\\\/#breadcrumb\",\"itemListElement\":[{\"@type\":\"ListItem\",\"position\":1,\"name\":\"Home\",\"item\":\"https:\\\/\\\/www.sandyou.ca\\\/\"},{\"@type\":\"ListItem\",\"position\":2,\"name\":\"Entreprises\",\"item\":\"https:\\\/\\\/www.sandyou.ca\\\/business\\\/\"},{\"@type\":\"ListItem\",\"position\":3,\"name\":\"Notre Organisation\"}]},{\"@type\":\"WebSite\",\"@id\":\"https:\\\/\\\/www.sandyou.ca\\\/#website\",\"url\":\"https:\\\/\\\/www.sandyou.ca\\\/\",\"name\":\"S&amp;you\",\"description\":\"S&amp;you Canada\",\"publisher\":{\"@id\":\"https:\\\/\\\/www.sandyou.ca\\\/#organization\"},\"potentialAction\":[{\"@type\":\"SearchAction\",\"target\":{\"@type\":\"EntryPoint\",\"urlTemplate\":\"https:\\\/\\\/www.sandyou.ca\\\/?s={search_term_string}\"},\"query-input\":{\"@type\":\"PropertyValueSpecification\",\"valueRequired\":true,\"valueName\":\"search_term_string\"}}],\"inLanguage\":\"fr-FR\"},{\"@type\":\"Organization\",\"@id\":\"https:\\\/\\\/www.sandyou.ca\\\/#organization\",\"name\":\"S&you\",\"url\":\"https:\\\/\\\/www.sandyou.ca\\\/\",\"logo\":{\"@type\":\"ImageObject\",\"inLanguage\":\"fr-FR\",\"@id\":\"https:\\\/\\\/www.sandyou.ca\\\/#\\\/schema\\\/logo\\\/image\\\/\",\"url\":\"https:\\\/\\\/www.sandyou.ca\\\/wp-content\\\/uploads\\\/2020\\\/01\\\/sandyou-logo.svg\",\"contentUrl\":\"https:\\\/\\\/www.sandyou.ca\\\/wp-content\\\/uploads\\\/2020\\\/01\\\/sandyou-logo.svg\",\"width\":1,\"height\":1,\"caption\":\"S&you\"},\"image\":{\"@id\":\"https:\\\/\\\/www.sandyou.ca\\\/#\\\/schema\\\/logo\\\/image\\\/\"}}]}<\/script>\n<!-- \/ Yoast SEO plugin. -->","yoast_head_json":{"title":"Notre Organisation - S&amp;you","robots":{"index":"index","follow":"follow","max-snippet":"max-snippet:-1","max-image-preview":"max-image-preview:large","max-video-preview":"max-video-preview:-1"},"canonical":"https:\/\/www.sandyou.ca\/business\/our-organisation\/","og_locale":"fr_FR","og_type":"article","og_title":"Notre Organisation - S&amp;you","og_description":"Notre Organisation S&#038;you est organis\u00e9 pour r\u00e9pondre \u00e0 vos besoins de recrutement de profils experts et cadres quel que soit le m\u00e9tier et le secteur d\u2019activit\u00e9. Nos consultants, v\u00e9ritables partenaires de vos projets, sont en mesure de vous accompagner pour vos projets en Suisse mais aussi \u00e0 l\u2019\u00e9tranger. Notre Expertise Notre \u00e9quipe est sp\u00e9cialis\u00e9e dans [&hellip;]","og_url":"https:\/\/www.sandyou.ca\/business\/our-organisation\/","og_site_name":"S&amp;you","article_modified_time":"2023-07-10T14:12:34+00:00","twitter_card":"summary_large_image","twitter_misc":{"Dur\u00e9e de lecture estim\u00e9e":"1 minute"},"schema":{"@context":"https:\/\/schema.org","@graph":[{"@type":"WebPage","@id":"https:\/\/www.sandyou.ca\/business\/our-organisation\/","url":"https:\/\/www.sandyou.ca\/business\/our-organisation\/","name":"Notre Organisation - S&amp;you","isPartOf":{"@id":"https:\/\/www.sandyou.ca\/#website"},"datePublished":"2020-01-24T20:36:19+00:00","dateModified":"2023-07-10T14:12:34+00:00","breadcrumb":{"@id":"https:\/\/www.sandyou.ca\/business\/our-organisation\/#breadcrumb"},"inLanguage":"fr-FR","potentialAction":[{"@type":"ReadAction","target":["https:\/\/www.sandyou.ca\/business\/our-organisation\/"]}]},{"@type":"BreadcrumbList","@id":"https:\/\/www.sandyou.ca\/business\/our-organisation\/#breadcrumb","itemListElement":[{"@type":"ListItem","position":1,"name":"Home","item":"https:\/\/www.sandyou.ca\/"},{"@type":"ListItem","position":2,"name":"Entreprises","item":"https:\/\/www.sandyou.ca\/business\/"},{"@type":"ListItem","position":3,"name":"Notre Organisation"}]},{"@type":"WebSite","@id":"https:\/\/www.sandyou.ca\/#website","url":"https:\/\/www.sandyou.ca\/","name":"S&amp;you","description":"S&amp;you Canada","publisher":{"@id":"https:\/\/www.sandyou.ca\/#organization"},"potentialAction":[{"@type":"SearchAction","target":{"@type":"EntryPoint","urlTemplate":"https:\/\/www.sandyou.ca\/?s={search_term_string}"},"query-input":{"@type":"PropertyValueSpecification","valueRequired":true,"valueName":"search_term_string"}}],"inLanguage":"fr-FR"},{"@type":"Organization","@id":"https:\/\/www.sandyou.ca\/#organization","name":"S&you","url":"https:\/\/www.sandyou.ca\/","logo":{"@type":"ImageObject","inLanguage":"fr-FR","@id":"https:\/\/www.sandyou.ca\/#\/schema\/logo\/image\/","url":"https:\/\/www.sandyou.ca\/wp-content\/uploads\/2020\/01\/sandyou-logo.svg","contentUrl":"https:\/\/www.sandyou.ca\/wp-content\/uploads\/2020\/01\/sandyou-logo.svg","width":1,"height":1,"caption":"S&you"},"image":{"@id":"https:\/\/www.sandyou.ca\/#\/schema\/logo\/image\/"}}]}},"_links":{"self":[{"href":"https:\/\/www.sandyou.ca\/fr\/wp-json\/wp\/v2\/pages\/265","targetHints":{"allow":["GET"]}}],"collection":[{"href":"https:\/\/www.sandyou.ca\/fr\/wp-json\/wp\/v2\/pages"}],"about":[{"href":"https:\/\/www.sandyou.ca\/fr\/wp-json\/wp\/v2\/types\/page"}],"author":[{"embeddable":true,"href":"https:\/\/www.sandyou.ca\/fr\/wp-json\/wp\/v2\/users\/1"}],"replies":[{"embeddable":true,"href":"https:\/\/www.sandyou.ca\/fr\/wp-json\/wp\/v2\/comments?post=265"}],"version-history":[{"count":15,"href":"https:\/\/www.sandyou.ca\/fr\/wp-json\/wp\/v2\/pages\/265\/revisions"}],"predecessor-version":[{"id":1779,"href":"https:\/\/www.sandyou.ca\/fr\/wp-json\/wp\/v2\/pages\/265\/revisions\/1779"}],"up":[{"embeddable":true,"href":"https:\/\/www.sandyou.ca\/fr\/wp-json\/wp\/v2\/pages\/291"}],"wp:attachment":[{"href":"https:\/\/www.sandyou.ca\/fr\/wp-json\/wp\/v2\/media?parent=265"}],"curies":[{"name":"wp","href":"https:\/\/api.w.org\/{rel}","templated":true}]}}