{"id":1547,"date":"2020-03-09T13:36:37","date_gmt":"2020-03-09T18:36:37","guid":{"rendered":"https:\/\/www.sandyou.ca\/candidats\/trouver-un-emploi\/concepteur-mecanique\/"},"modified":"2023-07-10T09:12:18","modified_gmt":"2023-07-10T14:12:18","slug":"concepteur-mecanique","status":"publish","type":"page","link":"https:\/\/www.sandyou.ca\/fr\/candidats\/trouver-un-emploi\/concepteur-mecanique\/","title":{"rendered":"Concepteur m\u00e9canique"},"content":{"rendered":"\t\t<div data-elementor-type=\"wp-page\" data-elementor-id=\"1547\" class=\"elementor elementor-1547 elementor-1544\" data-elementor-post-type=\"page\">\n\t\t\t\t\t\t<section class=\"elementor-section elementor-top-section elementor-element elementor-element-aa541d7 elementor-section-boxed elementor-section-height-default elementor-section-height-default\" data-id=\"aa541d7\" data-element_type=\"section\" data-e-type=\"section\" data-settings=\"{&quot;background_background&quot;:&quot;classic&quot;}\">\n\t\t\t\t\t\t<div class=\"elementor-container elementor-column-gap-default\">\n\t\t\t\t\t<div class=\"elementor-column elementor-col-100 elementor-top-column elementor-element elementor-element-97c35f0\" data-id=\"97c35f0\" data-element_type=\"column\" data-e-type=\"column\">\n\t\t\t<div class=\"elementor-widget-wrap elementor-element-populated\">\n\t\t\t\t\t\t<section class=\"elementor-section elementor-inner-section elementor-element elementor-element-06359a7 elementor-section-boxed elementor-section-height-default elementor-section-height-default\" data-id=\"06359a7\" data-element_type=\"section\" data-e-type=\"section\">\n\t\t\t\t\t\t<div class=\"elementor-container elementor-column-gap-default\">\n\t\t\t\t\t<div class=\"elementor-column elementor-col-100 elementor-inner-column elementor-element elementor-element-fe3402d top-red-border\" data-id=\"fe3402d\" data-element_type=\"column\" data-e-type=\"column\" data-settings=\"{&quot;background_background&quot;:&quot;classic&quot;}\">\n\t\t\t<div class=\"elementor-widget-wrap elementor-element-populated\">\n\t\t\t\t\t\t<div class=\"elementor-element elementor-element-b593489 elementor-widget elementor-widget-heading\" data-id=\"b593489\" data-element_type=\"widget\" data-e-type=\"widget\" data-widget_type=\"heading.default\">\n\t\t\t\t<div class=\"elementor-widget-container\">\n\t\t\t\t\t<h2 class=\"elementor-heading-title elementor-size-default\">Concepteur m\u00e9canique<\/h2>\t\t\t\t<\/div>\n\t\t\t\t<\/div>\n\t\t\t\t<div class=\"elementor-element elementor-element-fdc88b6 elementor-align-left elementor-widget elementor-widget-button\" data-id=\"fdc88b6\" data-element_type=\"widget\" data-e-type=\"widget\" data-widget_type=\"button.default\">\n\t\t\t\t<div class=\"elementor-widget-container\">\n\t\t\t\t\t\t\t\t\t<div class=\"elementor-button-wrapper\">\n\t\t\t\t\t<a class=\"elementor-button elementor-button-link elementor-size-md\" href=\"https:\/\/www.sandyou.ca\/fr\/candidats\/postuler\/\">\n\t\t\t\t\t\t<span class=\"elementor-button-content-wrapper\">\n\t\t\t\t\t\t\t\t\t<span class=\"elementor-button-text\">Postuler<\/span>\n\t\t\t\t\t<\/span>\n\t\t\t\t\t<\/a>\n\t\t\t\t<\/div>\n\t\t\t\t\t\t\t\t<\/div>\n\t\t\t\t<\/div>\n\t\t\t\t<div class=\"elementor-element elementor-element-ce58870 elementor-widget elementor-widget-text-editor\" data-id=\"ce58870\" data-element_type=\"widget\" data-e-type=\"widget\" data-widget_type=\"text-editor.default\">\n\t\t\t\t<div class=\"elementor-widget-container\">\n\t\t\t\t\t\t\t\t\t<strong>Lieu : <\/strong>Terrebonne\r\n<strong>Secteur d\u2019activit\u00e9 : <span style=\"font-weight: 400;\">Ing\u00e9nierie<\/span><\/strong>\r\n<strong>Type d\u2019emploi : <\/strong>Permanent\r\n<strong>Salaire : <\/strong>Selon exp\u00e9rience\r\n\r\nNotre agence recrute les meilleurs talents. Nous cherchons la personne motiv\u00e9e \u00e0 faire une diff\u00e9rence r\u00e9elle dans le quotidien de nos partenaires, visant \u00e0 atteindre leurs objectifs d\u2019affaires.\r\n\r\nVoici votre chance de vous d\u00e9marquer \u00e0 titre de concepteur m\u00e9canique R&amp;D. Dans ce r\u00f4le, vous aurez la chance de concevoir, imaginer, cr\u00e9er, \u00e9laborer et tester des syst\u00e8mes m\u00e9caniques dans une entreprise en pleine croissance dans le domaine de l\u2019automatisation et qui traite avec des clients partout dans le monde.\r\n\r\n<b>Cr\u00e9ez la Synergie!<\/b>\r\n<h3>CETTE PERSONNE DOIT :<\/h3>\r\n<ul>\r\n \t<li>\u00catre \u00e0 l\u2019aff\u00fbt des tendances de l\u2019industrie<\/li>\r\n \t<li>Savoir faire preuve de cr\u00e9ativit\u00e9<\/li>\r\n<\/ul>\r\n<h3>RESPONSABILIT\u00c9S ET T\u00c2CHES<\/h3>\r\n<ul>\r\n \t<li>Mod\u00e9liser des syst\u00e8mes m\u00e9caniques et des prototypes<\/li>\r\n \t<li>Trouver les probl\u00e8mes, les comprendre et les r\u00e9soudre<\/li>\r\n \t<li>Faire de la recherche sur les nouvelles pratiques dans le domaine<\/li>\r\n<\/ul>\r\n<h3>PRINCIPALES EXIGENCES ET COMP\u00c9TENCES<\/h3>\r\n<ul>\r\n \t<li>3 \u00e0 5 ans d\u2019exp\u00e9rience en conception m\u00e9canique<\/li>\r\n \t<li>Baccalaur\u00e9at en g\u00e9nie m\u00e9canique<\/li>\r\n \t<li>Ma\u00eetriser les logiciels de mod\u00e9lisation 3D<\/li>\r\n \t<li>Bilinguisme<\/li>\r\n<\/ul>\r\nEnvoyez-nous votre CV et assurez-vous que votre candidature se d\u00e9marque !\r\n\r\n<strong>Date limite pour envoyer votre candidature : 13 mars 2020<\/strong>\r\n\r\n<span style=\"font-size: 16px;\">Chez <strong>Synergie Hunt International<\/strong>, nous avons \u00e0 c\u0153ur le d\u00e9veloppement professionnel de nos candidats. Nous nous assurons de vous guider vers les offres d\u2019emploi les mieux adapt\u00e9es \u00e0 vos aspirations et motivations. &#8211; <strong>Votre d\u00e9veloppement professionnel, notre passion!<\/strong><\/span>\r\n\r\n<span style=\"font-size: 16px;\">Ainsi, chaque candidature re\u00e7ue est analys\u00e9e en fonction du poste en description. Nous priorisons votre candidature pour ce poste-ci, mais nous nous donnons la chance d\u2019\u00e9valuer cette derni\u00e8re parmi l\u2019\u00e9ventail de toutes nos opportunit\u00e9s d\u2019emploi.<\/span>\t\t\t\t\t\t\t\t<\/div>\n\t\t\t\t<\/div>\n\t\t\t\t<div class=\"elementor-element elementor-element-f9a6a79 elementor-align-left elementor-widget elementor-widget-button\" data-id=\"f9a6a79\" data-element_type=\"widget\" data-e-type=\"widget\" data-widget_type=\"button.default\">\n\t\t\t\t<div class=\"elementor-widget-container\">\n\t\t\t\t\t\t\t\t\t<div class=\"elementor-button-wrapper\">\n\t\t\t\t\t<a class=\"elementor-button elementor-button-link elementor-size-md\" href=\"https:\/\/www.sandyou.ca\/fr\/candidats\/postuler\/\">\n\t\t\t\t\t\t<span class=\"elementor-button-content-wrapper\">\n\t\t\t\t\t\t\t\t\t<span class=\"elementor-button-text\">Postuler<\/span>\n\t\t\t\t\t<\/span>\n\t\t\t\t\t<\/a>\n\t\t\t\t<\/div>\n\t\t\t\t\t\t\t\t<\/div>\n\t\t\t\t<\/div>\n\t\t\t\t\t<\/div>\n\t\t<\/div>\n\t\t\t\t\t<\/div>\n\t\t<\/section>\n\t\t\t\t\t<\/div>\n\t\t<\/div>\n\t\t\t\t\t<\/div>\n\t\t<\/section>\n\t\t\t\t<section class=\"elementor-section elementor-top-section elementor-element elementor-element-1c937d7 elementor-section-boxed elementor-section-height-default elementor-section-height-default\" data-id=\"1c937d7\" data-element_type=\"section\" data-e-type=\"section\">\n\t\t\t\t\t\t<div class=\"elementor-container elementor-column-gap-default\">\n\t\t\t\t\t<div class=\"elementor-column elementor-col-100 elementor-top-column elementor-element elementor-element-0bfea8d\" data-id=\"0bfea8d\" data-element_type=\"column\" data-e-type=\"column\">\n\t\t\t<div class=\"elementor-widget-wrap elementor-element-populated\">\n\t\t\t\t\t\t<div class=\"elementor-element elementor-element-599eaa9 elementor-widget elementor-widget-spacer\" data-id=\"599eaa9\" data-element_type=\"widget\" data-e-type=\"widget\" data-widget_type=\"spacer.default\">\n\t\t\t\t<div class=\"elementor-widget-container\">\n\t\t\t\t\t\t\t<div class=\"elementor-spacer\">\n\t\t\t<div class=\"elementor-spacer-inner\"><\/div>\n\t\t<\/div>\n\t\t\t\t\t\t<\/div>\n\t\t\t\t<\/div>\n\t\t\t\t\t<\/div>\n\t\t<\/div>\n\t\t\t\t\t<\/div>\n\t\t<\/section>\n\t\t\t\t<\/div>\n\t\t","protected":false},"excerpt":{"rendered":"<p>Concepteur m\u00e9canique Postuler Lieu : Terrebonne Secteur d\u2019activit\u00e9 : Ing\u00e9nierie Type d\u2019emploi : Permanent Salaire : Selon exp\u00e9rience Notre agence recrute les meilleurs talents. Nous cherchons la personne motiv\u00e9e \u00e0 faire une diff\u00e9rence r\u00e9elle dans le quotidien de nos partenaires, visant \u00e0 atteindre leurs objectifs d\u2019affaires. Voici votre chance de vous d\u00e9marquer \u00e0 titre de [&hellip;]<\/p>\n","protected":false},"author":1,"featured_media":0,"parent":1245,"menu_order":3,"comment_status":"closed","ping_status":"closed","template":"","meta":{"site-sidebar-layout":"no-sidebar","site-content-layout":"page-builder","ast-site-content-layout":"default","site-content-style":"default","site-sidebar-style":"default","ast-global-header-display":"","ast-banner-title-visibility":"","ast-main-header-display":"","ast-hfb-above-header-display":"","ast-hfb-below-header-display":"","ast-hfb-mobile-header-display":"","site-post-title":"disabled","ast-breadcrumbs-content":"","ast-featured-img":"disabled","footer-sml-layout":"","ast-disable-related-posts":"","theme-transparent-header-meta":"default","adv-header-id-meta":"","stick-header-meta":"default","header-above-stick-meta":"","header-main-stick-meta":"","header-below-stick-meta":"","astra-migrate-meta-layouts":"default","ast-page-background-enabled":"default","ast-page-background-meta":{"desktop":{"background-color":"","background-image":"","background-repeat":"repeat","background-position":"center center","background-size":"auto","background-attachment":"scroll","background-type":"","background-media":"","overlay-type":"","overlay-color":"","overlay-opacity":"","overlay-gradient":""},"tablet":{"background-color":"","background-image":"","background-repeat":"repeat","background-position":"center center","background-size":"auto","background-attachment":"scroll","background-type":"","background-media":"","overlay-type":"","overlay-color":"","overlay-opacity":"","overlay-gradient":""},"mobile":{"background-color":"","background-image":"","background-repeat":"repeat","background-position":"center center","background-size":"auto","background-attachment":"scroll","background-type":"","background-media":"","overlay-type":"","overlay-color":"","overlay-opacity":"","overlay-gradient":""}},"ast-content-background-meta":{"desktop":{"background-color":"var(--ast-global-color-5)","background-image":"","background-repeat":"repeat","background-position":"center center","background-size":"auto","background-attachment":"scroll","background-type":"","background-media":"","overlay-type":"","overlay-color":"","overlay-opacity":"","overlay-gradient":""},"tablet":{"background-color":"var(--ast-global-color-5)","background-image":"","background-repeat":"repeat","background-position":"center center","background-size":"auto","background-attachment":"scroll","background-type":"","background-media":"","overlay-type":"","overlay-color":"","overlay-opacity":"","overlay-gradient":""},"mobile":{"background-color":"var(--ast-global-color-5)","background-image":"","background-repeat":"repeat","background-position":"center center","background-size":"auto","background-attachment":"scroll","background-type":"","background-media":"","overlay-type":"","overlay-color":"","overlay-opacity":"","overlay-gradient":""}},"footnotes":""},"class_list":["post-1547","page","type-page","status-publish","hentry"],"yoast_head":"<!-- This site is optimized with the Yoast SEO plugin v27.5 - https:\/\/yoast.com\/product\/yoast-seo-wordpress\/ -->\n<title>Concepteur m\u00e9canique - S&amp;you<\/title>\n<meta name=\"robots\" content=\"index, follow, max-snippet:-1, max-image-preview:large, max-video-preview:-1\" \/>\n<link rel=\"canonical\" href=\"https:\/\/www.sandyou.ca\/candidates\/find-a-job\/mechanical-designer\/\" \/>\n<meta property=\"og:locale\" content=\"fr_FR\" \/>\n<meta property=\"og:type\" content=\"article\" \/>\n<meta property=\"og:title\" content=\"Concepteur m\u00e9canique - S&amp;you\" \/>\n<meta property=\"og:description\" content=\"Concepteur m\u00e9canique Postuler Lieu : Terrebonne Secteur d\u2019activit\u00e9 : Ing\u00e9nierie Type d\u2019emploi : Permanent Salaire : Selon exp\u00e9rience Notre agence recrute les meilleurs talents. Nous cherchons la personne motiv\u00e9e \u00e0 faire une diff\u00e9rence r\u00e9elle dans le quotidien de nos partenaires, visant \u00e0 atteindre leurs objectifs d\u2019affaires. Voici votre chance de vous d\u00e9marquer \u00e0 titre de [&hellip;]\" \/>\n<meta property=\"og:url\" content=\"https:\/\/www.sandyou.ca\/candidates\/find-a-job\/mechanical-designer\/\" \/>\n<meta property=\"og:site_name\" content=\"S&amp;you\" \/>\n<meta property=\"article:modified_time\" content=\"2023-07-10T14:12:18+00:00\" \/>\n<meta name=\"twitter:card\" content=\"summary_large_image\" \/>\n<meta name=\"twitter:label1\" content=\"Dur\u00e9e de lecture estim\u00e9e\" \/>\n\t<meta name=\"twitter:data1\" content=\"1 minute\" \/>\n<script type=\"application\/ld+json\" class=\"yoast-schema-graph\">{\"@context\":\"https:\\\/\\\/schema.org\",\"@graph\":[{\"@type\":\"WebPage\",\"@id\":\"https:\\\/\\\/www.sandyou.ca\\\/candidates\\\/find-a-job\\\/mechanical-designer\\\/\",\"url\":\"https:\\\/\\\/www.sandyou.ca\\\/candidates\\\/find-a-job\\\/mechanical-designer\\\/\",\"name\":\"Concepteur m\u00e9canique - S&amp;you\",\"isPartOf\":{\"@id\":\"https:\\\/\\\/www.sandyou.ca\\\/#website\"},\"datePublished\":\"2020-03-09T18:36:37+00:00\",\"dateModified\":\"2023-07-10T14:12:18+00:00\",\"breadcrumb\":{\"@id\":\"https:\\\/\\\/www.sandyou.ca\\\/candidates\\\/find-a-job\\\/mechanical-designer\\\/#breadcrumb\"},\"inLanguage\":\"fr-FR\",\"potentialAction\":[{\"@type\":\"ReadAction\",\"target\":[\"https:\\\/\\\/www.sandyou.ca\\\/candidates\\\/find-a-job\\\/mechanical-designer\\\/\"]}]},{\"@type\":\"BreadcrumbList\",\"@id\":\"https:\\\/\\\/www.sandyou.ca\\\/candidates\\\/find-a-job\\\/mechanical-designer\\\/#breadcrumb\",\"itemListElement\":[{\"@type\":\"ListItem\",\"position\":1,\"name\":\"Home\",\"item\":\"https:\\\/\\\/www.sandyou.ca\\\/\"},{\"@type\":\"ListItem\",\"position\":2,\"name\":\"Candidats\",\"item\":\"https:\\\/\\\/www.sandyou.ca\\\/candidates\\\/\"},{\"@type\":\"ListItem\",\"position\":3,\"name\":\"Trouver un emploi\",\"item\":\"https:\\\/\\\/www.sandyou.ca\\\/candidates\\\/find-a-job\\\/\"},{\"@type\":\"ListItem\",\"position\":4,\"name\":\"Concepteur m\u00e9canique\"}]},{\"@type\":\"WebSite\",\"@id\":\"https:\\\/\\\/www.sandyou.ca\\\/#website\",\"url\":\"https:\\\/\\\/www.sandyou.ca\\\/\",\"name\":\"S&amp;you\",\"description\":\"S&amp;you Canada\",\"publisher\":{\"@id\":\"https:\\\/\\\/www.sandyou.ca\\\/#organization\"},\"potentialAction\":[{\"@type\":\"SearchAction\",\"target\":{\"@type\":\"EntryPoint\",\"urlTemplate\":\"https:\\\/\\\/www.sandyou.ca\\\/?s={search_term_string}\"},\"query-input\":{\"@type\":\"PropertyValueSpecification\",\"valueRequired\":true,\"valueName\":\"search_term_string\"}}],\"inLanguage\":\"fr-FR\"},{\"@type\":\"Organization\",\"@id\":\"https:\\\/\\\/www.sandyou.ca\\\/#organization\",\"name\":\"S&you\",\"url\":\"https:\\\/\\\/www.sandyou.ca\\\/\",\"logo\":{\"@type\":\"ImageObject\",\"inLanguage\":\"fr-FR\",\"@id\":\"https:\\\/\\\/www.sandyou.ca\\\/#\\\/schema\\\/logo\\\/image\\\/\",\"url\":\"https:\\\/\\\/www.sandyou.ca\\\/wp-content\\\/uploads\\\/2020\\\/01\\\/sandyou-logo.svg\",\"contentUrl\":\"https:\\\/\\\/www.sandyou.ca\\\/wp-content\\\/uploads\\\/2020\\\/01\\\/sandyou-logo.svg\",\"width\":1,\"height\":1,\"caption\":\"S&you\"},\"image\":{\"@id\":\"https:\\\/\\\/www.sandyou.ca\\\/#\\\/schema\\\/logo\\\/image\\\/\"}}]}<\/script>\n<!-- \/ Yoast SEO plugin. -->","yoast_head_json":{"title":"Concepteur m\u00e9canique - S&amp;you","robots":{"index":"index","follow":"follow","max-snippet":"max-snippet:-1","max-image-preview":"max-image-preview:large","max-video-preview":"max-video-preview:-1"},"canonical":"https:\/\/www.sandyou.ca\/candidates\/find-a-job\/mechanical-designer\/","og_locale":"fr_FR","og_type":"article","og_title":"Concepteur m\u00e9canique - S&amp;you","og_description":"Concepteur m\u00e9canique Postuler Lieu : Terrebonne Secteur d\u2019activit\u00e9 : Ing\u00e9nierie Type d\u2019emploi : Permanent Salaire : Selon exp\u00e9rience Notre agence recrute les meilleurs talents. Nous cherchons la personne motiv\u00e9e \u00e0 faire une diff\u00e9rence r\u00e9elle dans le quotidien de nos partenaires, visant \u00e0 atteindre leurs objectifs d\u2019affaires. Voici votre chance de vous d\u00e9marquer \u00e0 titre de [&hellip;]","og_url":"https:\/\/www.sandyou.ca\/candidates\/find-a-job\/mechanical-designer\/","og_site_name":"S&amp;you","article_modified_time":"2023-07-10T14:12:18+00:00","twitter_card":"summary_large_image","twitter_misc":{"Dur\u00e9e de lecture estim\u00e9e":"1 minute"},"schema":{"@context":"https:\/\/schema.org","@graph":[{"@type":"WebPage","@id":"https:\/\/www.sandyou.ca\/candidates\/find-a-job\/mechanical-designer\/","url":"https:\/\/www.sandyou.ca\/candidates\/find-a-job\/mechanical-designer\/","name":"Concepteur m\u00e9canique - S&amp;you","isPartOf":{"@id":"https:\/\/www.sandyou.ca\/#website"},"datePublished":"2020-03-09T18:36:37+00:00","dateModified":"2023-07-10T14:12:18+00:00","breadcrumb":{"@id":"https:\/\/www.sandyou.ca\/candidates\/find-a-job\/mechanical-designer\/#breadcrumb"},"inLanguage":"fr-FR","potentialAction":[{"@type":"ReadAction","target":["https:\/\/www.sandyou.ca\/candidates\/find-a-job\/mechanical-designer\/"]}]},{"@type":"BreadcrumbList","@id":"https:\/\/www.sandyou.ca\/candidates\/find-a-job\/mechanical-designer\/#breadcrumb","itemListElement":[{"@type":"ListItem","position":1,"name":"Home","item":"https:\/\/www.sandyou.ca\/"},{"@type":"ListItem","position":2,"name":"Candidats","item":"https:\/\/www.sandyou.ca\/candidates\/"},{"@type":"ListItem","position":3,"name":"Trouver un emploi","item":"https:\/\/www.sandyou.ca\/candidates\/find-a-job\/"},{"@type":"ListItem","position":4,"name":"Concepteur m\u00e9canique"}]},{"@type":"WebSite","@id":"https:\/\/www.sandyou.ca\/#website","url":"https:\/\/www.sandyou.ca\/","name":"S&amp;you","description":"S&amp;you Canada","publisher":{"@id":"https:\/\/www.sandyou.ca\/#organization"},"potentialAction":[{"@type":"SearchAction","target":{"@type":"EntryPoint","urlTemplate":"https:\/\/www.sandyou.ca\/?s={search_term_string}"},"query-input":{"@type":"PropertyValueSpecification","valueRequired":true,"valueName":"search_term_string"}}],"inLanguage":"fr-FR"},{"@type":"Organization","@id":"https:\/\/www.sandyou.ca\/#organization","name":"S&you","url":"https:\/\/www.sandyou.ca\/","logo":{"@type":"ImageObject","inLanguage":"fr-FR","@id":"https:\/\/www.sandyou.ca\/#\/schema\/logo\/image\/","url":"https:\/\/www.sandyou.ca\/wp-content\/uploads\/2020\/01\/sandyou-logo.svg","contentUrl":"https:\/\/www.sandyou.ca\/wp-content\/uploads\/2020\/01\/sandyou-logo.svg","width":1,"height":1,"caption":"S&you"},"image":{"@id":"https:\/\/www.sandyou.ca\/#\/schema\/logo\/image\/"}}]}},"_links":{"self":[{"href":"https:\/\/www.sandyou.ca\/fr\/wp-json\/wp\/v2\/pages\/1547","targetHints":{"allow":["GET"]}}],"collection":[{"href":"https:\/\/www.sandyou.ca\/fr\/wp-json\/wp\/v2\/pages"}],"about":[{"href":"https:\/\/www.sandyou.ca\/fr\/wp-json\/wp\/v2\/types\/page"}],"author":[{"embeddable":true,"href":"https:\/\/www.sandyou.ca\/fr\/wp-json\/wp\/v2\/users\/1"}],"replies":[{"embeddable":true,"href":"https:\/\/www.sandyou.ca\/fr\/wp-json\/wp\/v2\/comments?post=1547"}],"version-history":[{"count":2,"href":"https:\/\/www.sandyou.ca\/fr\/wp-json\/wp\/v2\/pages\/1547\/revisions"}],"predecessor-version":[{"id":1787,"href":"https:\/\/www.sandyou.ca\/fr\/wp-json\/wp\/v2\/pages\/1547\/revisions\/1787"}],"up":[{"embeddable":true,"href":"https:\/\/www.sandyou.ca\/fr\/wp-json\/wp\/v2\/pages\/1245"}],"wp:attachment":[{"href":"https:\/\/www.sandyou.ca\/fr\/wp-json\/wp\/v2\/media?parent=1547"}],"curies":[{"name":"wp","href":"https:\/\/api.w.org\/{rel}","templated":true}]}}