{"id":1434,"date":"2020-02-24T16:35:58","date_gmt":"2020-02-24T21:35:58","guid":{"rendered":"https:\/\/www.sandyou.ca\/candidats\/postuler\/"},"modified":"2023-07-10T09:12:16","modified_gmt":"2023-07-10T14:12:16","slug":"postuler","status":"publish","type":"page","link":"https:\/\/www.sandyou.ca\/fr\/candidats\/postuler\/","title":{"rendered":"Postuler"},"content":{"rendered":"\t\t<div data-elementor-type=\"wp-page\" data-elementor-id=\"1434\" class=\"elementor elementor-1434 elementor-1424\" data-elementor-post-type=\"page\">\n\t\t\t\t\t\t<section class=\"elementor-section elementor-top-section elementor-element elementor-element-29662e2 elementor-section-boxed elementor-section-height-default elementor-section-height-default\" data-id=\"29662e2\" data-element_type=\"section\" data-e-type=\"section\">\n\t\t\t\t\t\t<div class=\"elementor-container elementor-column-gap-default\">\n\t\t\t\t\t<div class=\"elementor-column elementor-col-100 elementor-top-column elementor-element elementor-element-9d6b710\" data-id=\"9d6b710\" data-element_type=\"column\" data-e-type=\"column\">\n\t\t\t<div class=\"elementor-widget-wrap elementor-element-populated\">\n\t\t\t\t\t\t<section class=\"elementor-section elementor-inner-section elementor-element elementor-element-0be528b elementor-section-boxed elementor-section-height-default elementor-section-height-default\" data-id=\"0be528b\" data-element_type=\"section\" data-e-type=\"section\">\n\t\t\t\t\t\t<div class=\"elementor-container elementor-column-gap-default\">\n\t\t\t\t\t<div class=\"elementor-column elementor-col-100 elementor-inner-column elementor-element elementor-element-399bc11\" data-id=\"399bc11\" data-element_type=\"column\" data-e-type=\"column\" data-settings=\"{&quot;background_background&quot;:&quot;classic&quot;}\">\n\t\t\t<div class=\"elementor-widget-wrap elementor-element-populated\">\n\t\t\t\t\t\t<div class=\"elementor-element elementor-element-940a494 elementor-widget elementor-widget-heading\" data-id=\"940a494\" data-element_type=\"widget\" data-e-type=\"widget\" data-widget_type=\"heading.default\">\n\t\t\t\t<div class=\"elementor-widget-container\">\n\t\t\t\t\t<h1 class=\"elementor-heading-title elementor-size-default\">Postuler<\/h1>\t\t\t\t<\/div>\n\t\t\t\t<\/div>\n\t\t\t\t\t<\/div>\n\t\t<\/div>\n\t\t\t\t\t<\/div>\n\t\t<\/section>\n\t\t\t\t<section class=\"elementor-section elementor-inner-section elementor-element elementor-element-13bf6ea elementor-section-boxed elementor-section-height-default elementor-section-height-default\" data-id=\"13bf6ea\" data-element_type=\"section\" data-e-type=\"section\">\n\t\t\t\t\t\t<div class=\"elementor-container elementor-column-gap-default\">\n\t\t\t\t\t<div class=\"elementor-column elementor-col-50 elementor-inner-column elementor-element elementor-element-faa3666\" data-id=\"faa3666\" data-element_type=\"column\" data-e-type=\"column\" data-settings=\"{&quot;background_background&quot;:&quot;classic&quot;}\">\n\t\t\t<div class=\"elementor-widget-wrap elementor-element-populated\">\n\t\t\t\t\t\t<div class=\"elementor-element elementor-element-4bdf9f4 uael-cf7-style-box uael-cf7-input-size-sm uael-cf7-button-left uael-cf7-btn-size-sm uael-cf7-highlight-style-default elementor-widget elementor-widget-uael-cf7-styler\" data-id=\"4bdf9f4\" data-element_type=\"widget\" data-e-type=\"widget\" data-widget_type=\"uael-cf7-styler.default\">\n\t\t\t\t<div class=\"elementor-widget-container\">\n\t\t\t\t\t\t\t\t\t<div class = \"uael-cf7-container\">\n\t\t\t\t\t\t<div class = \"uael-cf7 uael-cf7-style elementor-clickable\">\n\t\t\t\t\t\t\n<div class=\"wpcf7 no-js\" id=\"wpcf7-f1431-o1\" lang=\"fr-FR\" dir=\"ltr\" data-wpcf7-id=\"1431\">\n<div class=\"screen-reader-response\"><p role=\"status\" aria-live=\"polite\" aria-atomic=\"true\"><\/p> <ul><\/ul><\/div>\n<form action=\"\/fr\/wp-json\/wp\/v2\/pages\/1434#wpcf7-f1431-o1\" method=\"post\" class=\"wpcf7-form init\" aria-label=\"Formulaire de contact\" enctype=\"multipart\/form-data\" novalidate=\"novalidate\" data-status=\"init\">\n<fieldset class=\"hidden-fields-container\"><input type=\"hidden\" name=\"_wpcf7\" value=\"1431\" \/><input type=\"hidden\" name=\"_wpcf7_version\" value=\"6.1.5\" \/><input type=\"hidden\" name=\"_wpcf7_locale\" value=\"fr_FR\" \/><input type=\"hidden\" name=\"_wpcf7_unit_tag\" value=\"wpcf7-f1431-o1\" \/><input type=\"hidden\" name=\"_wpcf7_container_post\" value=\"0\" \/><input type=\"hidden\" name=\"_wpcf7_posted_data_hash\" value=\"\" \/><input type=\"hidden\" name=\"_wpcf7_recaptcha_response\" value=\"\" \/>\n<\/fieldset>\n<p><label> Pr\u00e9nom (obligatoire)<br \/>\n<span class=\"wpcf7-form-control-wrap\" data-name=\"first-name\"><input size=\"40\" maxlength=\"400\" class=\"wpcf7-form-control wpcf7-text wpcf7-validates-as-required\" aria-required=\"true\" aria-invalid=\"false\" value=\"\" type=\"text\" name=\"first-name\" \/><\/span> <\/label>\n<\/p>\n<p><label> Nom (obligatoire)<br \/>\n<span class=\"wpcf7-form-control-wrap\" data-name=\"last-name\"><input size=\"40\" maxlength=\"400\" class=\"wpcf7-form-control wpcf7-text wpcf7-validates-as-required\" aria-required=\"true\" aria-invalid=\"false\" value=\"\" type=\"text\" name=\"last-name\" \/><\/span> <\/label>\n<\/p>\n<p><label> Adresse courriel (obligatoire)<br \/>\n<span class=\"wpcf7-form-control-wrap\" data-name=\"email-address\"><input size=\"40\" maxlength=\"400\" class=\"wpcf7-form-control wpcf7-email wpcf7-validates-as-required wpcf7-text wpcf7-validates-as-email\" aria-required=\"true\" aria-invalid=\"false\" value=\"\" type=\"email\" name=\"email-address\" \/><\/span> <\/label>\n<\/p>\n<p><label> Num\u00e9ro de t\u00e9l\u00e9phone (obligatoire)<br \/>\n<span class=\"wpcf7-form-control-wrap\" data-name=\"phone-number\"><input size=\"40\" maxlength=\"400\" class=\"wpcf7-form-control wpcf7-tel wpcf7-validates-as-required wpcf7-text wpcf7-validates-as-tel\" aria-required=\"true\" aria-invalid=\"false\" value=\"\" type=\"tel\" name=\"phone-number\" \/><\/span> <\/label>\n<\/p>\n<p><label> Poste recherch\u00e9 (obligatoire)<br \/>\n<span class=\"wpcf7-form-control-wrap\" data-name=\"position-sought\"><input size=\"40\" maxlength=\"400\" class=\"wpcf7-form-control wpcf7-text wpcf7-validates-as-required\" aria-required=\"true\" aria-invalid=\"false\" value=\"\" type=\"text\" name=\"position-sought\" \/><\/span> <\/label>\n<\/p>\n<p><label> Lieu de travail recherch\u00e9 (obligatoire)<br \/>\n<span class=\"wpcf7-form-control-wrap\" data-name=\"job-location\"><input size=\"40\" maxlength=\"400\" class=\"wpcf7-form-control wpcf7-text wpcf7-validates-as-required\" aria-required=\"true\" aria-invalid=\"false\" value=\"\" type=\"text\" name=\"job-location\" \/><\/span> <\/label>\n<\/p>\n<p><label> Joindre votre C.V.<br \/>\n<span class=\"wpcf7-form-control-wrap\" data-name=\"cv-file\"><input size=\"40\" class=\"wpcf7-form-control wpcf7-file\" accept=\".pdf,.doc,.docx,.txt,.rtf,.jpg,.png\" aria-invalid=\"false\" type=\"file\" name=\"cv-file\" \/><\/span><\/label>\n<\/p>\n<p><input class=\"wpcf7-form-control wpcf7-submit has-spinner\" type=\"submit\" value=\"Envoyer\" \/>\n<\/p><div class=\"wpcf7-response-output\" aria-hidden=\"true\"><\/div>\n<\/form>\n<\/div>\n\t\t\t\t\t<\/div>\n\t\t\t\t<\/div>\n\t\t\t\t\t\t\t\t<\/div>\n\t\t\t\t<\/div>\n\t\t\t\t\t<\/div>\n\t\t<\/div>\n\t\t\t\t<div class=\"elementor-column elementor-col-50 elementor-inner-column elementor-element elementor-element-989f505\" data-id=\"989f505\" data-element_type=\"column\" data-e-type=\"column\" data-settings=\"{&quot;background_background&quot;:&quot;classic&quot;}\">\n\t\t\t<div class=\"elementor-widget-wrap elementor-element-populated\">\n\t\t\t\t\t\t<div class=\"elementor-element elementor-element-ee32ba7 elementor-widget elementor-widget-spacer\" data-id=\"ee32ba7\" data-element_type=\"widget\" data-e-type=\"widget\" data-widget_type=\"spacer.default\">\n\t\t\t\t<div class=\"elementor-widget-container\">\n\t\t\t\t\t\t\t<div class=\"elementor-spacer\">\n\t\t\t<div class=\"elementor-spacer-inner\"><\/div>\n\t\t<\/div>\n\t\t\t\t\t\t<\/div>\n\t\t\t\t<\/div>\n\t\t\t\t\t<\/div>\n\t\t<\/div>\n\t\t\t\t\t<\/div>\n\t\t<\/section>\n\t\t\t\t\t<\/div>\n\t\t<\/div>\n\t\t\t\t\t<\/div>\n\t\t<\/section>\n\t\t\t\t<section class=\"elementor-section elementor-top-section elementor-element elementor-element-02bffee elementor-section-boxed elementor-section-height-default elementor-section-height-default\" data-id=\"02bffee\" data-element_type=\"section\" data-e-type=\"section\">\n\t\t\t\t\t\t<div class=\"elementor-container elementor-column-gap-default\">\n\t\t\t\t\t<div class=\"elementor-column elementor-col-100 elementor-top-column elementor-element elementor-element-3131c50\" data-id=\"3131c50\" data-element_type=\"column\" data-e-type=\"column\">\n\t\t\t<div class=\"elementor-widget-wrap elementor-element-populated\">\n\t\t\t\t\t\t<div class=\"elementor-element elementor-element-efabd5b elementor-widget elementor-widget-spacer\" data-id=\"efabd5b\" data-element_type=\"widget\" data-e-type=\"widget\" data-widget_type=\"spacer.default\">\n\t\t\t\t<div class=\"elementor-widget-container\">\n\t\t\t\t\t\t\t<div class=\"elementor-spacer\">\n\t\t\t<div class=\"elementor-spacer-inner\"><\/div>\n\t\t<\/div>\n\t\t\t\t\t\t<\/div>\n\t\t\t\t<\/div>\n\t\t\t\t\t<\/div>\n\t\t<\/div>\n\t\t\t\t\t<\/div>\n\t\t<\/section>\n\t\t\t\t<\/div>\n\t\t","protected":false},"excerpt":{"rendered":"<p>Postuler First Name (required) Last Name (required) Email Address (required) Phone Number (required) Position Sought (required) Preferred Job Location (required) Attach Your CV<\/p>\n","protected":false},"author":1,"featured_media":0,"parent":269,"menu_order":3,"comment_status":"closed","ping_status":"closed","template":"","meta":{"site-sidebar-layout":"no-sidebar","site-content-layout":"page-builder","ast-site-content-layout":"default","site-content-style":"default","site-sidebar-style":"default","ast-global-header-display":"","ast-banner-title-visibility":"","ast-main-header-display":"","ast-hfb-above-header-display":"","ast-hfb-below-header-display":"","ast-hfb-mobile-header-display":"","site-post-title":"disabled","ast-breadcrumbs-content":"","ast-featured-img":"disabled","footer-sml-layout":"","ast-disable-related-posts":"","theme-transparent-header-meta":"default","adv-header-id-meta":"","stick-header-meta":"default","header-above-stick-meta":"","header-main-stick-meta":"","header-below-stick-meta":"","astra-migrate-meta-layouts":"default","ast-page-background-enabled":"default","ast-page-background-meta":{"desktop":{"background-color":"","background-image":"","background-repeat":"repeat","background-position":"center center","background-size":"auto","background-attachment":"scroll","background-type":"","background-media":"","overlay-type":"","overlay-color":"","overlay-opacity":"","overlay-gradient":""},"tablet":{"background-color":"","background-image":"","background-repeat":"repeat","background-position":"center center","background-size":"auto","background-attachment":"scroll","background-type":"","background-media":"","overlay-type":"","overlay-color":"","overlay-opacity":"","overlay-gradient":""},"mobile":{"background-color":"","background-image":"","background-repeat":"repeat","background-position":"center center","background-size":"auto","background-attachment":"scroll","background-type":"","background-media":"","overlay-type":"","overlay-color":"","overlay-opacity":"","overlay-gradient":""}},"ast-content-background-meta":{"desktop":{"background-color":"var(--ast-global-color-5)","background-image":"","background-repeat":"repeat","background-position":"center center","background-size":"auto","background-attachment":"scroll","background-type":"","background-media":"","overlay-type":"","overlay-color":"","overlay-opacity":"","overlay-gradient":""},"tablet":{"background-color":"var(--ast-global-color-5)","background-image":"","background-repeat":"repeat","background-position":"center center","background-size":"auto","background-attachment":"scroll","background-type":"","background-media":"","overlay-type":"","overlay-color":"","overlay-opacity":"","overlay-gradient":""},"mobile":{"background-color":"var(--ast-global-color-5)","background-image":"","background-repeat":"repeat","background-position":"center center","background-size":"auto","background-attachment":"scroll","background-type":"","background-media":"","overlay-type":"","overlay-color":"","overlay-opacity":"","overlay-gradient":""}},"footnotes":""},"class_list":["post-1434","page","type-page","status-publish","hentry"],"yoast_head":"<!-- This site is optimized with the Yoast SEO plugin v27.4 - https:\/\/yoast.com\/product\/yoast-seo-wordpress\/ -->\n<title>Postuler - S&amp;you<\/title>\n<meta name=\"robots\" content=\"index, follow, max-snippet:-1, max-image-preview:large, max-video-preview:-1\" \/>\n<link rel=\"canonical\" href=\"https:\/\/www.sandyou.ca\/candidates\/apply-now\/\" \/>\n<meta property=\"og:locale\" content=\"fr_FR\" \/>\n<meta property=\"og:type\" content=\"article\" \/>\n<meta property=\"og:title\" content=\"Postuler - S&amp;you\" \/>\n<meta property=\"og:description\" content=\"Postuler First Name (required) Last Name (required) Email Address (required) Phone Number (required) Position Sought (required) Preferred Job Location (required) Attach Your CV\" \/>\n<meta property=\"og:url\" content=\"https:\/\/www.sandyou.ca\/candidates\/apply-now\/\" \/>\n<meta property=\"og:site_name\" content=\"S&amp;you\" \/>\n<meta property=\"article:modified_time\" content=\"2023-07-10T14:12:16+00:00\" \/>\n<meta name=\"twitter:card\" content=\"summary_large_image\" \/>\n<script type=\"application\/ld+json\" class=\"yoast-schema-graph\">{\"@context\":\"https:\\\/\\\/schema.org\",\"@graph\":[{\"@type\":\"WebPage\",\"@id\":\"https:\\\/\\\/www.sandyou.ca\\\/candidates\\\/apply-now\\\/\",\"url\":\"https:\\\/\\\/www.sandyou.ca\\\/candidates\\\/apply-now\\\/\",\"name\":\"Postuler - S&amp;you\",\"isPartOf\":{\"@id\":\"https:\\\/\\\/www.sandyou.ca\\\/#website\"},\"datePublished\":\"2020-02-24T21:35:58+00:00\",\"dateModified\":\"2023-07-10T14:12:16+00:00\",\"breadcrumb\":{\"@id\":\"https:\\\/\\\/www.sandyou.ca\\\/candidates\\\/apply-now\\\/#breadcrumb\"},\"inLanguage\":\"fr-FR\",\"potentialAction\":[{\"@type\":\"ReadAction\",\"target\":[\"https:\\\/\\\/www.sandyou.ca\\\/candidates\\\/apply-now\\\/\"]}]},{\"@type\":\"BreadcrumbList\",\"@id\":\"https:\\\/\\\/www.sandyou.ca\\\/candidates\\\/apply-now\\\/#breadcrumb\",\"itemListElement\":[{\"@type\":\"ListItem\",\"position\":1,\"name\":\"Home\",\"item\":\"https:\\\/\\\/www.sandyou.ca\\\/\"},{\"@type\":\"ListItem\",\"position\":2,\"name\":\"Candidats\",\"item\":\"https:\\\/\\\/www.sandyou.ca\\\/candidates\\\/\"},{\"@type\":\"ListItem\",\"position\":3,\"name\":\"Postuler\"}]},{\"@type\":\"WebSite\",\"@id\":\"https:\\\/\\\/www.sandyou.ca\\\/#website\",\"url\":\"https:\\\/\\\/www.sandyou.ca\\\/\",\"name\":\"S&amp;you\",\"description\":\"S&amp;you Canada\",\"publisher\":{\"@id\":\"https:\\\/\\\/www.sandyou.ca\\\/#organization\"},\"potentialAction\":[{\"@type\":\"SearchAction\",\"target\":{\"@type\":\"EntryPoint\",\"urlTemplate\":\"https:\\\/\\\/www.sandyou.ca\\\/?s={search_term_string}\"},\"query-input\":{\"@type\":\"PropertyValueSpecification\",\"valueRequired\":true,\"valueName\":\"search_term_string\"}}],\"inLanguage\":\"fr-FR\"},{\"@type\":\"Organization\",\"@id\":\"https:\\\/\\\/www.sandyou.ca\\\/#organization\",\"name\":\"S&you\",\"url\":\"https:\\\/\\\/www.sandyou.ca\\\/\",\"logo\":{\"@type\":\"ImageObject\",\"inLanguage\":\"fr-FR\",\"@id\":\"https:\\\/\\\/www.sandyou.ca\\\/#\\\/schema\\\/logo\\\/image\\\/\",\"url\":\"https:\\\/\\\/www.sandyou.ca\\\/wp-content\\\/uploads\\\/2020\\\/01\\\/sandyou-logo.svg\",\"contentUrl\":\"https:\\\/\\\/www.sandyou.ca\\\/wp-content\\\/uploads\\\/2020\\\/01\\\/sandyou-logo.svg\",\"width\":1,\"height\":1,\"caption\":\"S&you\"},\"image\":{\"@id\":\"https:\\\/\\\/www.sandyou.ca\\\/#\\\/schema\\\/logo\\\/image\\\/\"}}]}<\/script>\n<!-- \/ Yoast SEO plugin. -->","yoast_head_json":{"title":"Postuler - S&amp;you","robots":{"index":"index","follow":"follow","max-snippet":"max-snippet:-1","max-image-preview":"max-image-preview:large","max-video-preview":"max-video-preview:-1"},"canonical":"https:\/\/www.sandyou.ca\/candidates\/apply-now\/","og_locale":"fr_FR","og_type":"article","og_title":"Postuler - S&amp;you","og_description":"Postuler First Name (required) Last Name (required) Email Address (required) Phone Number (required) Position Sought (required) Preferred Job Location (required) Attach Your CV","og_url":"https:\/\/www.sandyou.ca\/candidates\/apply-now\/","og_site_name":"S&amp;you","article_modified_time":"2023-07-10T14:12:16+00:00","twitter_card":"summary_large_image","schema":{"@context":"https:\/\/schema.org","@graph":[{"@type":"WebPage","@id":"https:\/\/www.sandyou.ca\/candidates\/apply-now\/","url":"https:\/\/www.sandyou.ca\/candidates\/apply-now\/","name":"Postuler - S&amp;you","isPartOf":{"@id":"https:\/\/www.sandyou.ca\/#website"},"datePublished":"2020-02-24T21:35:58+00:00","dateModified":"2023-07-10T14:12:16+00:00","breadcrumb":{"@id":"https:\/\/www.sandyou.ca\/candidates\/apply-now\/#breadcrumb"},"inLanguage":"fr-FR","potentialAction":[{"@type":"ReadAction","target":["https:\/\/www.sandyou.ca\/candidates\/apply-now\/"]}]},{"@type":"BreadcrumbList","@id":"https:\/\/www.sandyou.ca\/candidates\/apply-now\/#breadcrumb","itemListElement":[{"@type":"ListItem","position":1,"name":"Home","item":"https:\/\/www.sandyou.ca\/"},{"@type":"ListItem","position":2,"name":"Candidats","item":"https:\/\/www.sandyou.ca\/candidates\/"},{"@type":"ListItem","position":3,"name":"Postuler"}]},{"@type":"WebSite","@id":"https:\/\/www.sandyou.ca\/#website","url":"https:\/\/www.sandyou.ca\/","name":"S&amp;you","description":"S&amp;you Canada","publisher":{"@id":"https:\/\/www.sandyou.ca\/#organization"},"potentialAction":[{"@type":"SearchAction","target":{"@type":"EntryPoint","urlTemplate":"https:\/\/www.sandyou.ca\/?s={search_term_string}"},"query-input":{"@type":"PropertyValueSpecification","valueRequired":true,"valueName":"search_term_string"}}],"inLanguage":"fr-FR"},{"@type":"Organization","@id":"https:\/\/www.sandyou.ca\/#organization","name":"S&you","url":"https:\/\/www.sandyou.ca\/","logo":{"@type":"ImageObject","inLanguage":"fr-FR","@id":"https:\/\/www.sandyou.ca\/#\/schema\/logo\/image\/","url":"https:\/\/www.sandyou.ca\/wp-content\/uploads\/2020\/01\/sandyou-logo.svg","contentUrl":"https:\/\/www.sandyou.ca\/wp-content\/uploads\/2020\/01\/sandyou-logo.svg","width":1,"height":1,"caption":"S&you"},"image":{"@id":"https:\/\/www.sandyou.ca\/#\/schema\/logo\/image\/"}}]}},"_links":{"self":[{"href":"https:\/\/www.sandyou.ca\/fr\/wp-json\/wp\/v2\/pages\/1434","targetHints":{"allow":["GET"]}}],"collection":[{"href":"https:\/\/www.sandyou.ca\/fr\/wp-json\/wp\/v2\/pages"}],"about":[{"href":"https:\/\/www.sandyou.ca\/fr\/wp-json\/wp\/v2\/types\/page"}],"author":[{"embeddable":true,"href":"https:\/\/www.sandyou.ca\/fr\/wp-json\/wp\/v2\/users\/1"}],"replies":[{"embeddable":true,"href":"https:\/\/www.sandyou.ca\/fr\/wp-json\/wp\/v2\/comments?post=1434"}],"version-history":[{"count":4,"href":"https:\/\/www.sandyou.ca\/fr\/wp-json\/wp\/v2\/pages\/1434\/revisions"}],"predecessor-version":[{"id":1784,"href":"https:\/\/www.sandyou.ca\/fr\/wp-json\/wp\/v2\/pages\/1434\/revisions\/1784"}],"up":[{"embeddable":true,"href":"https:\/\/www.sandyou.ca\/fr\/wp-json\/wp\/v2\/pages\/269"}],"wp:attachment":[{"href":"https:\/\/www.sandyou.ca\/fr\/wp-json\/wp\/v2\/media?parent=1434"}],"curies":[{"name":"wp","href":"https:\/\/api.w.org\/{rel}","templated":true}]}}